{"id":1422,"date":"2025-11-25T16:40:54","date_gmt":"2025-11-25T19:40:54","guid":{"rendered":"https:\/\/mtctrat.com.br\/?page_id=1422"},"modified":"2025-11-25T16:40:56","modified_gmt":"2025-11-25T19:40:56","slug":"termos-de-uso","status":"publish","type":"page","link":"https:\/\/mtctrat.com.br\/en\/termos-de-uso\/","title":{"rendered":"TERMOS DE USO"},"content":{"rendered":"<p class=\"has-text-align-center\"><strong>TERMO E CONDI\u00c7\u00d5ES GERAIS DE USO<\/strong><\/p>\n\n\n\n<p class=\"has-text-align-left\">Os Termos e Condi\u00e7\u00f5es Gerais de Uso (\u201cTermos de Uso\u201d) descritos a seguir regulamentam o uso dos websites do\u00a0<strong>Grupo <strong>MTC TRAT<\/strong><\/strong>\u00a0(\u201c<strong><u><strong>MTC TRAT<\/strong><\/u><\/strong>\u201d) e de seu conte\u00fado.<\/p>\n\n\n\n<p>A utiliza\u00e7\u00e3o dos websites pressup\u00f5e a leitura completa e atenta das regras dos Termos de Uso, estando o Usu\u00e1rio plenamente ciente e de acordo com elas. Integram os presentes Termos de Uso todos os avisos, regulamentos de uso e instru\u00e7\u00f5es espec\u00edficas levadas ao conhecimento do Usu\u00e1rio pela\u00a0<strong>MTC TRAT<\/strong>.<\/p>\n\n\n\n<p>Caso o Usu\u00e1rio n\u00e3o concorde com estes Termos de Uso n\u00e3o dever\u00e1 acessar os websites da\u00a0<strong><strong>MTC TRAT<\/strong><\/strong>.<\/p>\n\n\n\n<h2 class=\"wp-block-heading\">APRESENTA\u00c7\u00c3O DO WEBSITE<\/h2>\n\n\n\n<p>O website e suas funcionalidades s\u00e3o apresentados ao Usu\u00e1rio na maneira como est\u00e3o dispon\u00edveis, podendo passar por constantes aprimoramentos e atualiza\u00e7\u00f5es.<\/p>\n\n\n\n<p>Neste caso, a\u00a0<strong><strong>MTC TRAT<\/strong><\/strong>\u00a0se compromete a preservar a funcionalidade dos websites com esfor\u00e7os razo\u00e1veis, com links n\u00e3o quebrados e utilizando layout que respeita a usabilidade e navegabilidade, sempre que poss\u00edvel, bem como exibir as funcionalidades de maneira clara, completa, precisa e suficiente de modo que exista uma correta percep\u00e7\u00e3o do que est\u00e1 sendo praticado.<\/p>\n\n\n\n<h2 class=\"wp-block-heading\">UTILIZA\u00c7\u00c3O DO WEBSITE<\/h2>\n\n\n\n<p>A\u00a0<strong><strong>MTC TRAT<\/strong><\/strong>\u00a0reserva-se o direito de monitorar, bloquear e se recusar a permitir o uso de \u00e1reas de acesso restrito dos websites por qualquer pessoa f\u00edsica ou jur\u00eddica, a seu exclusivo crit\u00e9rio, por qualquer raz\u00e3o e independentemente de aviso pr\u00e9vio, sem que caiba a tal pessoa ou entidade qualquer direito, indeniza\u00e7\u00e3o ou compensa\u00e7\u00e3o decorrente do referido monitoramento, bloqueio ou recusa.<\/p>\n\n\n\n<p>O Usu\u00e1rio se compromete a n\u00e3o acessar \u00e1reas de programa\u00e7\u00e3o dos websites, seus bancos de dados, c\u00f3digos fonte ou qualquer outro conjunto de dados dispon\u00edveis nestes ambientes, bem como n\u00e3o realizar ou permitir engenharia reversa, nem traduzir, decompilar, copiar, modificar, reproduzir, alugar, sublicenciar, publicar, divulgar, transmitir, emprestar, distribuir ou, de outra maneira, dispor inapropriadamente das funcionalidades dos websites.<\/p>\n\n\n\n<p>\u00c9 vedado a utiliza\u00e7\u00e3o de softwares de minera\u00e7\u00e3o de dados nos websites, de qualquer tipo ou esp\u00e9cie, al\u00e9m de outro aqui n\u00e3o tipificado que atue de modo similar.<\/p>\n\n\n\n<p>Tentativas de invas\u00e3o aos websites ou a qualquer outro ambiente informatizado da\u00a0<strong><strong>MTC TRAT<\/strong><\/strong>, e todas e quaisquer viola\u00e7\u00f5es aos direitos autorais ser\u00e3o entendidas como atitudes il\u00edcitas e ser\u00e3o tratadas em conformidade com o disposto na legisla\u00e7\u00e3o civil e penal em vigor.<\/p>\n\n\n\n<p>Na incid\u00eancia de danos \u00e0\u00a0<strong><strong>MTC TRAT<\/strong><\/strong>\u00a0ou a terceiros, o respons\u00e1vel pelo dano se compromete a arcar com todas as obriga\u00e7\u00f5es de indenizar o sujeito lesado, assumindo o polo passivo de a\u00e7\u00e3o judicial ou procedimento administrativo e requerendo a exclus\u00e3o da\u00a0<strong><strong>MTC TRAT<\/strong><\/strong>, devendo arcar totalmente com as despesas e custas processuais atinentes, deixando-a livre de preju\u00edzos e \u00f4nus.<\/p>\n\n\n\n<h2 class=\"wp-block-heading\">PRIVACIDADE E DADOS PESSOAIS<\/h2>\n\n\n\n<p>A\u00a0<strong><strong>MTC TRAT<\/strong>\u00a0<\/strong>se preocupa com a privacidade e a prote\u00e7\u00e3o dos Dados Pessoais dos Usu\u00e1rios do website e traz na Pol\u00edtica de Privacidade Online, dispon\u00edvel nos\u00a0<a href=\"https:\/\/www.engie.com.br\/politicas-de-privacidade\/\" target=\"_blank\" rel=\"noreferrer noopener\">websites<\/a>, as regras sobre o tratamento destes.<\/p>\n\n\n\n<p>O Usu\u00e1rio reconhece e concorda que a obten\u00e7\u00e3o e o uso, por parte da\u00a0<strong><strong>MTC TRAT<\/strong><\/strong>, dos Dados Pessoais por ele fornecidos, e o uso de Cookies, conforme disposto na Pol\u00edtica de Privacidade Online, n\u00e3o configura viola\u00e7\u00e3o ao direito de privacidade do Usu\u00e1rio ou qualquer outro direito relacionado \u00e0 prote\u00e7\u00e3o dos Dados Pessoais.<\/p>\n\n\n\n<p>O Usu\u00e1rio, ao utilizar os websites, compromete-se a:<\/p>\n\n\n\n<ol class=\"wp-block-list\">\n<li>Utilizar os websites e seu conte\u00fado conforme a lei, os bons costumes, a ordem p\u00fablica, a moral e o disposto nestes Termos de Uso;<br><\/li>\n\n\n\n<li>N\u00e3o utilizar os websites e seu conte\u00fado de forma nociva aos interesses e direitos da\u00a0<strong><strong>MTC TRAT<\/strong><\/strong>\u00a0ou de terceiros, ou de qualquer outra forma que cause danos, inutilize, impe\u00e7a ou sobrecarregue a normal utiliza\u00e7\u00e3o dos websites e seu conte\u00fado;<br><\/li>\n\n\n\n<li>Utilizar os websites de forma l\u00edcita, isto \u00e9, se abstendo de copiar, divulgar, distribuir ou modificar seu conte\u00fado, a menos que possua autoriza\u00e7\u00e3o expressa por escrito da MTC TRAT;<br><\/li>\n\n\n\n<li>N\u00e3o acessar \u00e1reas restritas dos websites em nome de terceiros ou com o uso de identificador de usu\u00e1rio terceiro;<br><\/li>\n\n\n\n<li>Tratar as informa\u00e7\u00f5es recebidas em \u00e1reas de acesso restrito do website com total sigilo, zelando pela sua confidencialidade;<br><\/li>\n\n\n\n<li>Guardar e manter em sigilo a sua senha de acesso, sob sua exclusiva responsabilidade, caso seja cadastrado, n\u00e3o informando-a a terceiros;<br><\/li>\n\n\n\n<li>avisar imediatamente \u00e0\u00a0<strong><strong>MTC TRAT<\/strong><\/strong>\u00a0em caso de viola\u00e7\u00e3o da sua senha de acesso;<br><\/li>\n\n\n\n<li>garantir a veracidade das informa\u00e7\u00f5es fornecidas para a\u00a0<strong><strong>MTC TRAT<\/strong><\/strong>;<br><\/li>\n\n\n\n<li>N\u00e3o usar qualquer dispositivo, software ou outro meio que possa interferir nas atividades e opera\u00e7\u00f5es do website ou de outros servi\u00e7os da\u00a0<strong><strong>MTC TRAT<\/strong><\/strong>;<br><\/li>\n\n\n\n<li>N\u00e3o violar qualquer direito de propriedade intelectual da\u00a0<strong><strong>MTC TRAT<\/strong><\/strong>\u00a0ou de terceiros;<br><\/li>\n\n\n\n<li>Assumir toda e qualquer responsabilidade, de car\u00e1ter civil e\/ou criminal, pela utiliza\u00e7\u00e3o indevida das informa\u00e7\u00f5es, textos, gr\u00e1ficos, marcas, obras, enfim, de todo e qualquer direito de propriedade intelectual ou industrial dos websites e seu conte\u00fado.<br><\/li>\n<\/ol>\n\n\n\n<p>O Usu\u00e1rio responder\u00e1 pelos danos e preju\u00edzos de qualquer natureza que a\u00a0<strong><strong>MTC TRAT<\/strong><\/strong>\u00a0sofra em consequ\u00eancia do descumprimento de qualquer uma das obriga\u00e7\u00f5es a que fica submetido por estes Termos de Uso.<\/p>\n\n\n\n<h2 class=\"wp-block-heading\">CONTE\u00daDO<\/h2>\n\n\n\n<p>O conte\u00fado dos websites se destina a oferecer aos Usu\u00e1rios da internet um painel institucional, informativo e de relacionamento com a\u00a0<strong><strong>MTC TRAT<\/strong><\/strong>.<\/p>\n\n\n\n<p>Fica reservado \u00e0\u00a0<strong><strong>MTC TRAT<\/strong><\/strong>\u00a0o direito de atualizar, modificar ou eliminar unilateralmente, a qualquer tempo e sem aviso pr\u00e9vio, a configura\u00e7\u00e3o e apresenta\u00e7\u00e3o dos websites, seu conte\u00fado, termos e condi\u00e7\u00f5es de uso, avisos, regulamentos e instru\u00e7\u00f5es. Por isso, n\u00e3o deve ser interpretada como definitiva.<\/p>\n\n\n\n<p>A disponibiliza\u00e7\u00e3o do conte\u00fado dos websites pela\u00a0<strong><strong>MTC TRAT<\/strong><\/strong>\u00a0tem car\u00e1ter gratuito para os Usu\u00e1rios e, de modo geral, n\u00e3o exige inscri\u00e7\u00e3o pr\u00e9via ou registro, exceto quando solicitado especificamente para acesso a conte\u00fado espec\u00edfico.<\/p>\n\n\n\n<p>A\u00a0<strong><strong>MTC TRAT<\/strong><\/strong>\u00a0se esfor\u00e7ar\u00e1 para manter as informa\u00e7\u00f5es e materiais contidos nos websites t\u00e3o precisos, atualizados e completos quanto poss\u00edvel. No entanto, n\u00e3o se responsabilizar\u00e1 pela utiliza\u00e7\u00e3o, aplica\u00e7\u00e3o ou processamento que os Usu\u00e1rios possam dar \u00e0 mencionada informa\u00e7\u00e3o.<\/p>\n\n\n\n<p>O usu\u00e1rio \u00e9 inteiramente respons\u00e1vel pela utiliza\u00e7\u00e3o das informa\u00e7\u00f5es dispon\u00edveis no website. A utiliza\u00e7\u00e3o, interpreta\u00e7\u00e3o ou inser\u00e7\u00e3o desse material em outros contextos s\u00e3o de responsabilidade exclusiva do Usu\u00e1rio.<\/p>\n\n\n\n<p>Todas as informa\u00e7\u00f5es s\u00e3o disponibilizadas de boa-f\u00e9 pela\u00a0<strong><strong>MTC TRAT<\/strong><\/strong>\u00a0em seus websites e presumem-se corretas, por\u00e9m dever\u00e3o ser tomadas as cautelas de estilo antes de sua utiliza\u00e7\u00e3o.<\/p>\n\n\n\n<h2 class=\"wp-block-heading\">DIREITOS AUTORAIS E PROPRIEDADE INTELECTUAL<\/h2>\n\n\n\n<p>Os websites cont\u00eam textos, fotografias, imagens e sons que se encontram protegidos por direitos autorais ou outros direitos de propriedade intelectual.<\/p>\n\n\n\n<p>Tais direitos pertencem \u00e0\u00a0<strong><strong>MTC TRAT<\/strong>\u00a0<\/strong>ou foram a ela outorgados sob licen\u00e7a por seus titulares, de tal forma que esse material possa ser usado como parte dos websites da MTC TRAT.<\/p>\n\n\n\n<p>Ao acessar os websites da\u00a0<strong><strong>MTC TRAT<\/strong><\/strong>, o Usu\u00e1rio declara que ir\u00e1 respeitar todos os direitos de propriedade intelectual e industrial, os direitos decorrentes da prote\u00e7\u00e3o de marcas registradas da\u00a0<strong><strong>MTC TRAT<\/strong><\/strong>\u00a0e todos os direitos referentes a terceiros que porventura estejam, ou estiveram, de alguma forma, dispon\u00edveis nos websites.<\/p>\n\n\n\n<p>O simples acesso aos websites n\u00e3o confere ao Usu\u00e1rio qualquer direito de uso dos nomes, t\u00edtulos, palavras, frases, marcas, patentes, obras liter\u00e1rias, art\u00edsticas, l\u00edtero-musicais, entre outras, que nele estejam, ou estiveram, dispon\u00edveis.<\/p>\n\n\n\n<p>\u00c9 vedada a utiliza\u00e7\u00e3o dos websites para finalidades comerciais, publicit\u00e1rias ou qualquer outra que contrarie a realidade para a qual foram concebidos, conforme definido nestes termos. Restam igualmente proibidas a reprodu\u00e7\u00e3o, distribui\u00e7\u00e3o e divulga\u00e7\u00e3o, total ou parcial, dos textos, figuras e gr\u00e1ficos que comp\u00f5em os websites sem a pr\u00e9via e expressa autoriza\u00e7\u00e3o, por escrito, da\u00a0<strong><strong>MTC TRAT<\/strong><\/strong>.<\/p>\n\n\n\n<p>Somente \u00e9 permitida a impress\u00e3o de c\u00f3pias para uso e arquivo pessoal, desde que n\u00e3o sejam separadas as partes que permitam dar o fiel e real entendimento de seu conte\u00fado e objetivo e sem que, em nenhuma circunst\u00e2ncia, o Usu\u00e1rio adquira qualquer direito sobre o referido conte\u00fado.<\/p>\n\n\n\n<h2 class=\"wp-block-heading\">HYPERLINKS<\/h2>\n\n\n\n<p>O usu\u00e1rio que pretender estabelecer um hyperlink entre qualquer das p\u00e1ginas do website da\u00a0<strong><strong>MTC TRAT<\/strong><\/strong>\u00a0e seu pr\u00f3prio website ou p\u00e1gina, dever\u00e1, obrigatoriamente, observar as seguintes condi\u00e7\u00f5es:<\/p>\n\n\n\n<ol class=\"wp-block-list\">\n<li>O hyperlink permitir\u00e1 o acesso unicamente \u00e0s p\u00e1ginas dos websites e ao seu conte\u00fado, sendo terminantemente vedada a sua reprodu\u00e7\u00e3o sob qualquer forma;<br><\/li>\n\n\n\n<li>N\u00e3o poder\u00e3o ser realizadas indica\u00e7\u00f5es incorretas, falsas ou inexatas sobre o website;<br><\/li>\n\n\n\n<li>N\u00e3o poder\u00e1 ser indicado ou inferido que a\u00a0<strong><strong>MTC TRAT<\/strong><\/strong>\u00a0tenha autorizado ou sugerido o estabelecimento do hyperlink ou, ainda, que tenha supervisionado ou assumido os conte\u00fados ou servi\u00e7os disponibilizados ou ofertados pelo usu\u00e1rio, ou pessoa que o mesmo represente, na p\u00e1gina em que se estabelece o hyperlink;<br><\/li>\n\n\n\n<li>Excluindo-se s\u00edmbolos que integrem o hyperlink, a p\u00e1gina em que o hyperlink for estabelecido n\u00e3o poder\u00e1 conter marca, sinais ou s\u00edmbolos distintivos, nome comercial, denomina\u00e7\u00e3o ou t\u00edtulo de estabelecimento pertencentes exclusivamente \u00e0\u00a0<strong><strong>MTC TRAT<\/strong><\/strong>;<br><\/li>\n\n\n\n<li>Da mesma forma, a p\u00e1gina que contenha hyperlink direcionado ao website ou seu conte\u00fado n\u00e3o poder\u00e1 conter informa\u00e7\u00f5es ou conte\u00fado il\u00edcito que violem direitos de terceiros, contr\u00e1rios \u00e0 moral e aos bons costumes.<br><\/li>\n<\/ol>\n\n\n\n<p>O estabelecimento de um hyperlink n\u00e3o implica a exist\u00eancia de rela\u00e7\u00e3o ou v\u00ednculo entre a\u00a0<strong><strong>MTC TRAT<\/strong><\/strong>\u00a0e o propriet\u00e1rio da p\u00e1gina. Igualmente, n\u00e3o implica na aceita\u00e7\u00e3o e\/ou aprova\u00e7\u00e3o pela\u00a0<strong><strong>MTC TRAT<\/strong><\/strong>\u00a0dos servi\u00e7os, conte\u00fado ou qualquer outra caracter\u00edstica da p\u00e1gina, sejam eles disponibilizados ou n\u00e3o ao p\u00fablico.<\/p>\n\n\n\n<p>Em nenhuma hip\u00f3tese ser\u00e1 a\u00a0<strong><strong>MTC TRAT<\/strong><\/strong>\u00a0respons\u00e1vel pelo uso dos seus websites ou pelo acesso a links neles contidos, bem como por atos praticados por Usu\u00e1rios que tenham por base informa\u00e7\u00f5es obtidas nos websites e em links nele contidos.<\/p>\n\n\n\n<p>A\u00a0<strong><strong>MTC TRAT<\/strong><\/strong>\u00a0n\u00e3o se responsabiliza nem pelo conte\u00fado nem pelas pol\u00edticas \/ pr\u00e1ticas de privacidade dos sites que apontam para os seus websites e daqueles para os quais os links dos seus websites apontem.<\/p>\n\n\n\n<h2 class=\"wp-block-heading\">ISEN\u00c7\u00c3O E LIMITA\u00c7\u00d5ES DE RESPONSABILIDADE<\/h2>\n\n\n\n<p>A\u00a0<strong><strong>MTC TRAT<\/strong><\/strong>\u00a0envida seus esfor\u00e7os para a manuten\u00e7\u00e3o da disponibilidade cont\u00ednua e permanente dos websites. No entanto, pode ocorrer, eventualmente, alguma indisponibilidade tempor\u00e1ria decorrente de manuten\u00e7\u00e3o necess\u00e1ria ou mesmo gerada por motivo de for\u00e7a maior, como desastres naturais, falhas nos sistemas de comunica\u00e7\u00e3o e acesso \u00e0 Internet, ataques cibern\u00e9tico invasivos, ou quaisquer fatos de terceiros que fogem da esfera de vigil\u00e2ncia e responsabilidade da\u00a0<strong><strong>MTC TRAT<\/strong><\/strong>.<\/p>\n\n\n\n<p>Se isso ocorrer, a\u00a0<strong><strong>MTC TRAT<\/strong><\/strong>\u00a0far\u00e1 o que estiver ao seu alcance para restabelecer o acesso aos websites o mais breve poss\u00edvel, dentro das limita\u00e7\u00f5es t\u00e9cnicas de seus servi\u00e7os e servi\u00e7os de terceiros, dos quais depende para ficar online.<\/p>\n\n\n\n<p>Por essa raz\u00e3o, o Usu\u00e1rio fica ciente que n\u00e3o poder\u00e1 pleitear indeniza\u00e7\u00e3o ou repara\u00e7\u00e3o de danos no caso de os websites permanecerem fora do ar, independente da motiva\u00e7\u00e3o. Sem preju\u00edzo de outras condi\u00e7\u00f5es destes Termos de Uso, a\u00a0<strong><strong>MTC TRAT<\/strong><\/strong>\u00a0n\u00e3o se responsabiliza:<\/p>\n\n\n\n<ol class=\"wp-block-list\">\n<li>Por quaisquer problemas, bugs ou funcionamentos indevidos que ocorrerem nos seus dispositivos e equipamentos<br><\/li>\n\n\n\n<li>Por qualquer dano direto ou indireto ocasionado por eventos de terceiros, a exemplo, mas n\u00e3o se limitando a ataque de hackers, falhas no sistema, no servidor ou na conex\u00e3o \u00e0 internet, inclusive por a\u00e7\u00f5es de softwares que possam, de algum modo, danificar seus ativos f\u00edsicos ou l\u00f3gicos em decorr\u00eancia do acesso, utiliza\u00e7\u00e3o ou navega\u00e7\u00e3o no website, bem como a transfer\u00eancia de dados, arquivos, imagens, textos, \u00e1udios ou v\u00eddeos contidos no website<br><\/li>\n\n\n\n<li>Pela sua navega\u00e7\u00e3o em quaisquer links externos disponibilizados no website, sendo seu dever a leitura dos termos e condi\u00e7\u00f5es de uso e da pol\u00edtica de privacidade do recurso acessado, devendo agir em conformidade com o determinado<br><\/li>\n\n\n\n<li>Por verificar, controlar, aprovar ou garantir a adequa\u00e7\u00e3o ou exatid\u00e3o das informa\u00e7\u00f5es ou dados disponibilizados em tais links externos, n\u00e3o sendo, portanto, respons\u00e1vel por preju\u00edzos, perdas ou danos ocorridos pela visita de tais sites, cabendo ao Usu\u00e1rio verificar a confiabilidade das informa\u00e7\u00f5es e dados ali exibidos antes de tomar alguma decis\u00e3o ou praticar algum ato.<br><\/li>\n<\/ol>\n\n\n\n<h2 class=\"wp-block-heading\">DISPOSI\u00c7\u00d5ES FINAIS<\/h2>\n\n\n\n<p>Estes Termos de Uso n\u00e3o substituem nem restringem outros termos espec\u00edficos que porventura tenham sido acordados por escrito com a\u00a0<strong><strong>MTC TRAT<\/strong><\/strong>.<\/p>\n\n\n\n<p class=\"has-text-align-left\">Os presentes Termos de Uso s\u00e3o regidos pela legisla\u00e7\u00e3o brasileira e estrangeira, quando aplic\u00e1vel. Os Usu\u00e1rios dos websites da\u00a0<strong><strong>MTC TRAT<\/strong><\/strong>\u00a0se submetem ao Foro da Comarca da Capital do Estado de S\u00e3o Paulo, com exclus\u00e3o de qualquer outro, por mais privilegiado ou especial que seja.<\/p>","protected":false},"excerpt":{"rendered":"<p>TERMO E CONDI\u00c7\u00d5ES GERAIS DE USO Os Termos e Condi\u00e7\u00f5es Gerais de Uso (\u201cTermos de Uso\u201d) descritos a seguir regulamentam o uso dos websites do\u00a0Grupo MTC TRAT\u00a0(\u201cMTC TRAT\u201d) e de seu conte\u00fado. A utiliza\u00e7\u00e3o dos websites pressup\u00f5e a leitura completa e atenta das regras dos Termos de Uso, estando o Usu\u00e1rio plenamente ciente e de [&hellip;]<\/p>","protected":false},"author":6,"featured_media":0,"parent":0,"menu_order":0,"comment_status":"closed","ping_status":"closed","template":"","meta":{"footnotes":""},"class_list":["post-1422","page","type-page","status-publish","hentry"],"yoast_head":"<!-- This site is optimized with the Yoast SEO plugin v25.7 - https:\/\/yoast.com\/wordpress\/plugins\/seo\/ -->\n<title>POL\u00cdTICA DE PRIVACIDADE - MTC Trat<\/title>\n<meta name=\"robots\" content=\"index, follow, max-snippet:-1, max-image-preview:large, max-video-preview:-1\" \/>\n<link rel=\"canonical\" href=\"https:\/\/mtctrat.com.br\/en\/termos-de-uso\/\" \/>\n<meta property=\"og:locale\" content=\"en_US\" \/>\n<meta property=\"og:type\" content=\"article\" \/>\n<meta property=\"og:title\" content=\"POL\u00cdTICA DE PRIVACIDADE - MTC Trat\" \/>\n<meta property=\"og:description\" content=\"TERMO E CONDI\u00c7\u00d5ES GERAIS DE USO Os Termos e Condi\u00e7\u00f5es Gerais de Uso (\u201cTermos de Uso\u201d) descritos a seguir regulamentam o uso dos websites do\u00a0Grupo MTC TRAT\u00a0(\u201cMTC TRAT\u201d) e de seu conte\u00fado. A utiliza\u00e7\u00e3o dos websites pressup\u00f5e a leitura completa e atenta das regras dos Termos de Uso, estando o Usu\u00e1rio plenamente ciente e de [&hellip;]\" \/>\n<meta property=\"og:url\" content=\"https:\/\/mtctrat.com.br\/en\/termos-de-uso\/\" \/>\n<meta property=\"og:site_name\" content=\"MTC Trat\" \/>\n<meta property=\"article:publisher\" content=\"https:\/\/www.facebook.com\/mtctrat\" \/>\n<meta property=\"article:modified_time\" content=\"2025-11-25T19:40:56+00:00\" \/>\n<meta name=\"twitter:card\" content=\"summary_large_image\" \/>\n<meta name=\"twitter:label1\" content=\"Est. reading time\" \/>\n\t<meta name=\"twitter:data1\" content=\"11 minutes\" \/>\n<script type=\"application\/ld+json\" class=\"yoast-schema-graph\">{\"@context\":\"https:\/\/schema.org\",\"@graph\":[{\"@type\":\"WebPage\",\"@id\":\"https:\/\/mtctrat.com.br\/termos-de-uso\/\",\"url\":\"https:\/\/mtctrat.com.br\/termos-de-uso\/\",\"name\":\"POL\u00cdTICA DE PRIVACIDADE - MTC Trat\",\"isPartOf\":{\"@id\":\"https:\/\/mtctrat.com.br\/#website\"},\"datePublished\":\"2025-11-25T19:40:54+00:00\",\"dateModified\":\"2025-11-25T19:40:56+00:00\",\"breadcrumb\":{\"@id\":\"https:\/\/mtctrat.com.br\/termos-de-uso\/#breadcrumb\"},\"inLanguage\":\"en-US\",\"potentialAction\":[{\"@type\":\"ReadAction\",\"target\":[\"https:\/\/mtctrat.com.br\/termos-de-uso\/\"]}]},{\"@type\":\"BreadcrumbList\",\"@id\":\"https:\/\/mtctrat.com.br\/termos-de-uso\/#breadcrumb\",\"itemListElement\":[{\"@type\":\"ListItem\",\"position\":1,\"name\":\"In\u00edcio\",\"item\":\"https:\/\/mtctrat.com.br\/\"},{\"@type\":\"ListItem\",\"position\":2,\"name\":\"TERMOS DE USO\"}]},{\"@type\":\"WebSite\",\"@id\":\"https:\/\/mtctrat.com.br\/#website\",\"url\":\"https:\/\/mtctrat.com.br\/\",\"name\":\"MTC Trat\",\"description\":\"Tratamentos T\u00e9rmicos e Superficiais\",\"publisher\":{\"@id\":\"https:\/\/mtctrat.com.br\/#organization\"},\"potentialAction\":[{\"@type\":\"SearchAction\",\"target\":{\"@type\":\"EntryPoint\",\"urlTemplate\":\"https:\/\/mtctrat.com.br\/?s={search_term_string}\"},\"query-input\":{\"@type\":\"PropertyValueSpecification\",\"valueRequired\":true,\"valueName\":\"search_term_string\"}}],\"inLanguage\":\"en-US\"},{\"@type\":\"Organization\",\"@id\":\"https:\/\/mtctrat.com.br\/#organization\",\"name\":\"Mult Tempera\",\"url\":\"https:\/\/mtctrat.com.br\/\",\"logo\":{\"@type\":\"ImageObject\",\"inLanguage\":\"en-US\",\"@id\":\"https:\/\/mtctrat.com.br\/#\/schema\/logo\/image\/\",\"url\":\"https:\/\/mtctrat.com.br\/wp-content\/uploads\/2021\/01\/Logos_MTCTrat.png\",\"contentUrl\":\"https:\/\/mtctrat.com.br\/wp-content\/uploads\/2021\/01\/Logos_MTCTrat.png\",\"width\":1500,\"height\":600,\"caption\":\"Mult Tempera\"},\"image\":{\"@id\":\"https:\/\/mtctrat.com.br\/#\/schema\/logo\/image\/\"},\"sameAs\":[\"https:\/\/www.facebook.com\/mtctrat\"]}]}<\/script>\n<!-- \/ Yoast SEO plugin. -->","yoast_head_json":{"title":"POL\u00cdTICA DE PRIVACIDADE - MTC Trat","robots":{"index":"index","follow":"follow","max-snippet":"max-snippet:-1","max-image-preview":"max-image-preview:large","max-video-preview":"max-video-preview:-1"},"canonical":"https:\/\/mtctrat.com.br\/en\/termos-de-uso\/","og_locale":"en_US","og_type":"article","og_title":"POL\u00cdTICA DE PRIVACIDADE - MTC Trat","og_description":"TERMO E CONDI\u00c7\u00d5ES GERAIS DE USO Os Termos e Condi\u00e7\u00f5es Gerais de Uso (\u201cTermos de Uso\u201d) descritos a seguir regulamentam o uso dos websites do\u00a0Grupo MTC TRAT\u00a0(\u201cMTC TRAT\u201d) e de seu conte\u00fado. A utiliza\u00e7\u00e3o dos websites pressup\u00f5e a leitura completa e atenta das regras dos Termos de Uso, estando o Usu\u00e1rio plenamente ciente e de [&hellip;]","og_url":"https:\/\/mtctrat.com.br\/en\/termos-de-uso\/","og_site_name":"MTC Trat","article_publisher":"https:\/\/www.facebook.com\/mtctrat","article_modified_time":"2025-11-25T19:40:56+00:00","twitter_card":"summary_large_image","twitter_misc":{"Est. reading time":"11 minutes"},"schema":{"@context":"https:\/\/schema.org","@graph":[{"@type":"WebPage","@id":"https:\/\/mtctrat.com.br\/termos-de-uso\/","url":"https:\/\/mtctrat.com.br\/termos-de-uso\/","name":"POL\u00cdTICA DE PRIVACIDADE - MTC Trat","isPartOf":{"@id":"https:\/\/mtctrat.com.br\/#website"},"datePublished":"2025-11-25T19:40:54+00:00","dateModified":"2025-11-25T19:40:56+00:00","breadcrumb":{"@id":"https:\/\/mtctrat.com.br\/termos-de-uso\/#breadcrumb"},"inLanguage":"en-US","potentialAction":[{"@type":"ReadAction","target":["https:\/\/mtctrat.com.br\/termos-de-uso\/"]}]},{"@type":"BreadcrumbList","@id":"https:\/\/mtctrat.com.br\/termos-de-uso\/#breadcrumb","itemListElement":[{"@type":"ListItem","position":1,"name":"In\u00edcio","item":"https:\/\/mtctrat.com.br\/"},{"@type":"ListItem","position":2,"name":"TERMOS DE USO"}]},{"@type":"WebSite","@id":"https:\/\/mtctrat.com.br\/#website","url":"https:\/\/mtctrat.com.br\/","name":"MTC Trat","description":"Tratamentos T\u00e9rmicos e Superficiais","publisher":{"@id":"https:\/\/mtctrat.com.br\/#organization"},"potentialAction":[{"@type":"SearchAction","target":{"@type":"EntryPoint","urlTemplate":"https:\/\/mtctrat.com.br\/?s={search_term_string}"},"query-input":{"@type":"PropertyValueSpecification","valueRequired":true,"valueName":"search_term_string"}}],"inLanguage":"en-US"},{"@type":"Organization","@id":"https:\/\/mtctrat.com.br\/#organization","name":"Mult Tempera","url":"https:\/\/mtctrat.com.br\/","logo":{"@type":"ImageObject","inLanguage":"en-US","@id":"https:\/\/mtctrat.com.br\/#\/schema\/logo\/image\/","url":"https:\/\/mtctrat.com.br\/wp-content\/uploads\/2021\/01\/Logos_MTCTrat.png","contentUrl":"https:\/\/mtctrat.com.br\/wp-content\/uploads\/2021\/01\/Logos_MTCTrat.png","width":1500,"height":600,"caption":"Mult Tempera"},"image":{"@id":"https:\/\/mtctrat.com.br\/#\/schema\/logo\/image\/"},"sameAs":["https:\/\/www.facebook.com\/mtctrat"]}]}},"_links":{"self":[{"href":"https:\/\/mtctrat.com.br\/en\/wp-json\/wp\/v2\/pages\/1422","targetHints":{"allow":["GET"]}}],"collection":[{"href":"https:\/\/mtctrat.com.br\/en\/wp-json\/wp\/v2\/pages"}],"about":[{"href":"https:\/\/mtctrat.com.br\/en\/wp-json\/wp\/v2\/types\/page"}],"author":[{"embeddable":true,"href":"https:\/\/mtctrat.com.br\/en\/wp-json\/wp\/v2\/users\/6"}],"replies":[{"embeddable":true,"href":"https:\/\/mtctrat.com.br\/en\/wp-json\/wp\/v2\/comments?post=1422"}],"version-history":[{"count":2,"href":"https:\/\/mtctrat.com.br\/en\/wp-json\/wp\/v2\/pages\/1422\/revisions"}],"predecessor-version":[{"id":3057,"href":"https:\/\/mtctrat.com.br\/en\/wp-json\/wp\/v2\/pages\/1422\/revisions\/3057"}],"wp:attachment":[{"href":"https:\/\/mtctrat.com.br\/en\/wp-json\/wp\/v2\/media?parent=1422"}],"curies":[{"name":"wp","href":"https:\/\/api.w.org\/{rel}","templated":true}]}}