{"id":1554,"date":"2021-03-11T09:38:56","date_gmt":"2021-03-11T12:38:56","guid":{"rendered":"https:\/\/mtctrat.com.br\/?page_id=1554"},"modified":"2021-11-17T13:12:29","modified_gmt":"2021-11-17T16:12:29","slug":"tratamento-superficial-2","status":"publish","type":"page","link":"https:\/\/mtctrat.com.br\/en\/tratamento-superficial-2\/","title":{"rendered":"Tratamento t\u00e9rmico e superficial \u2013 MTC TRAT &#8211; Tratamento superficial, Aust\u00eampera, Geomet, Geomet 500"},"content":{"rendered":"<div data-elementor-type=\"wp-page\" data-elementor-id=\"1554\" class=\"elementor elementor-1554\" data-elementor-post-type=\"page\">\n\t\t\t\t\t\t<section class=\"elementor-section elementor-top-section elementor-element elementor-element-4ef4a816 elementor-section-boxed elementor-section-height-default elementor-section-height-default\" data-id=\"4ef4a816\" data-element_type=\"section\">\n\t\t\t\t\t\t<div class=\"elementor-container elementor-column-gap-default\">\n\t\t\t\t\t<div class=\"elementor-column elementor-col-100 elementor-top-column elementor-element elementor-element-2e2744bb\" data-id=\"2e2744bb\" data-element_type=\"column\">\n\t\t\t<div class=\"elementor-widget-wrap elementor-element-populated\">\n\t\t\t\t\t\t<div class=\"elementor-element elementor-element-33834032 elementor-widget elementor-widget-text-editor\" data-id=\"33834032\" data-element_type=\"widget\" data-widget_type=\"text-editor.default\">\n\t\t\t\t<div class=\"elementor-widget-container\">\n\t\t\t\t\t\t\t\t\t<p>\u00a0<span style=\"color: #ffffff;\">Tratamento superficial \u00a0Austempera<\/span><\/p>\n<p><span style=\"color: #ffffff;\">Geomet<\/span><\/p>\n<p><span style=\"color: #ffffff;\"><\/span><\/p>\n<p><span style=\"color: #ffffff;\">Tempera e revenimento<\/span><\/p>\n<p><span style=\"color: #ffffff;\">ORGANO METALICO<\/span><\/p>\n<p><span style=\"color: #ffffff;\">TRATAMENTO GEOMET<\/span><\/p>\n<p><span style=\"color: #ffffff;\">TRATAMENTO ORGANO METALICO<\/span><\/p>\n<p><span style=\"color: #ffffff;\">\u00a0GVREVESTIMENTOS<\/span><\/p>\n<p><span style=\"color: #ffffff;\">\u00a0NOFMETALCOATINGS<\/span><\/p>\n<p><span style=\"color: #ffffff;\">\u00a0INDUFIX<\/span><\/p>\n<p><span style=\"color: #ffffff;\">\u00a0PROSDAC<\/span><\/p>\n<p><span style=\"color: #ffffff;\">REALTEC<\/span><\/p>\n<p><span style=\"color: #ffffff;\">NIPRA<\/span><\/p>\n<p><span style=\"color: #ffffff;\">Geomet 321<\/span><\/p>\n<p><span style=\"color: #ffffff;\">Geomet 321 b<\/span><\/p>\n<p><span style=\"color: #ffffff;\">Geomet 321\/720<\/span><\/p>\n<p><span style=\"color: #ffffff;\">Geomet 321 b Plus<\/span><\/p>\n<p><span style=\"color: #ffffff;\">\u00a0geomet 500<\/span><\/p>\n<p><span style=\"color: #ffffff;\">\u00a0Geomet Black<\/span><\/p>\n<p><span style=\"color: #ffffff;\">\u00a0Geomet blue<\/span><\/p>\n<p><span style=\"color: #ffffff;\">Geomet com plus ML<\/span><\/p>\n<p><span style=\"color: #ffffff;\">Geomet em parafusos<\/span><\/p>\n<p><span style=\"color: #ffffff;\">\u00a0Geomet em porcas<\/span><\/p>\n<p><span style=\"color: #ffffff;\">Geomet em grampos de caminh\u00e3o<\/span><\/p>\n<p><span style=\"color: #ffffff;\">\u00a0Geomet EM PINO BOLA<\/span><\/p>\n<p><span style=\"color: #ffffff;\">TEMPERA E REVENIMENTO EM PE\u00c7AS FUNDIDAS<\/span><\/p>\n<p><span style=\"color: #ffffff;\">\u00a0NORMA CQI9<\/span><\/p>\n<p><span style=\"color: #ffffff;\">NORMA CQI12<\/span><\/p>\n<p>\u00a0<\/p>\n<p class=\"has-white-color has-text-color\"><span style=\"color: #ffffff;\">Tratamento superficial, Austempera, Tempera e revenimento, Parafuso com geomet, Geomet para porca\u00a0, Austempera em a\u00e7o mola\u00a0,\u00a0 Austempera em mola\u00a0, Tratamento superficial, Austempera, Tempera e revenimento, Parafuso com geomet, Geomet para porca\u00a0, Austempera em a\u00e7o mola\u00a0,\u00a0 Austempera em mola<\/span><\/p>\n<p class=\"has-white-color has-text-color\"><span style=\"color: #ffffff;\">Tratamento superficial, Austempera, Tempera e revenimento, Parafuso com geomet, Geomet para porca\u00a0, Austempera em a\u00e7o mola\u00a0,\u00a0 Austempera em mola\u00a0, Tratamento superficial, Austempera, Tempera e revenimento, Parafuso com geomet, Geomet para porca\u00a0, Austempera em a\u00e7o mola\u00a0,\u00a0 Austempera em mola<\/span><\/p>\n<p class=\"has-white-color has-white-background-color has-text-color has-background\"><span style=\"color: #ffffff;\">Isot\u00e9rmico,\u00a0 normaliza\u00e7\u00e3o, revenimento, tratamento termico, solubiliza, processo isot\u00e9rmico ,tratamentos t\u00e9rmicos, Tratamento superficial, Austempera, Tempera e revenimento, Parafuso com geomet, Geomet para porca,\u00a0 Austempera em a\u00e7o mola,\u00a0 Austempera em mola,\u00a0 Empresa austempera, Empresa tratamento termico, Empresa Geomet, Empresa tratamento superficial, austempera em grampo, austempera em met\u00e1licos, austempera em presilhas, austempera em molas, austempera molas, austempera grampo de a\u00e7o 1070, austempera em 1070, austempera em a\u00e7o alto carbono, austempera em estampados, austempera em pinos, austempera em arruela lisa, austempera em arruela press\u00e3o, austempera em arruela c\u00f4nicas, austempera em arruela flexa<\/span><\/p>\n<p class=\"has-white-color has-white-background-color has-text-color has-background\"><span style=\"color: #ffffff;\">Tempera em parafusos, Tempera em \u00a0porcas, Tempera em \u00a0arruelas, Tempera em \u00a0pe\u00e7as estampadas, Tempera e revenimento em parafusos, Tempera e revenimento em \u00a0porcas, Tempera e revenimento em \u00a0arruelas, Tempera e revenimento em estampados, Tempera e revenimento em pe\u00e7as estampadas.<\/span><\/p>\n<p class=\"has-white-color has-white-background-color has-text-color has-background\"><span style=\"color: #ffffff;\">Geomet em grampo, Geomet em met\u00e1licos, Geomet em presilhas, Geomet em molas, Geomet molas, Geomet grampo de a\u00e7o 1070, Geomet em 1070, Geomet em a\u00e7o alto carbono, Geomet em estampados, Geomet em pinos, Geomet em arruela lisa, Geomet em arruela press\u00e3o, Geomet em arruela c\u00f4nicas, Geomet em arruela flexa<\/span><\/p>\n<p class=\"has-white-color has-white-background-color has-text-color has-background\"><span style=\"color: #ffffff;\">Geomet em parafusos, Geomet em \u00a0porcas, Geomet em\u00a0 arruelas, Geomet em\u00a0 pe\u00e7as estampadas, Geomet e Geomet em parafusos, Geomet e Geomet em\u00a0 porcas, Geomet e Geomet em\u00a0 arruelas, Geomet e Geomet em estampados, Geomet e Geomet em pe\u00e7as estampadas.<\/span><\/p>\n<p class=\"has-white-color has-white-background-color has-text-color has-background\"><span style=\"color: #ffffff;\">Organo met\u00e1lico em grampo, Organo met\u00e1lico em met\u00e1licos, Organo met\u00e1lico em presilhas, Organo met\u00e1lico em molas, Organo met\u00e1lico molas, Organo met\u00e1lico grampo de a\u00e7o 1070, Organo met\u00e1lico em 1070, Organo met\u00e1lico em a\u00e7o alto carbono, Organo met\u00e1lico em estampados, Organo met\u00e1lico em pinos, Organo met\u00e1lico em arruela lisa, Organo met\u00e1lico em arruela press\u00e3o, Organo met\u00e1lico em arruela c\u00f4nicas, Organo met\u00e1lico em arruela flexa<\/span><\/p>\n<p class=\"has-white-color has-white-background-color has-text-color has-background\"><span style=\"color: #ffffff;\">Organo met\u00e1lico em parafusos, Organo met\u00e1lico em \u00a0porcas, Organo met\u00e1lico em\u00a0 arruelas, Organo met\u00e1lico em\u00a0 pe\u00e7as estampadas, Organo met\u00e1lico e Organo met\u00e1lico em parafusos, Organo met\u00e1lico e Organo met\u00e1lico em\u00a0 porcas, Organo met\u00e1lico e Organo met\u00e1lico em\u00a0 arruelas, Organo met\u00e1lico e Organo met\u00e1lico em estampados, Organo met\u00e1lico e Organo met\u00e1lico em pe\u00e7as estampadas.<\/span><\/p>\n<p class=\"has-white-color has-white-background-color has-text-color has-background\"><span style=\"color: #ffffff;\">Pintura em grampo, Pintura em met\u00e1licos, Pintura em presilhas, Pintura em molas, Pintura molas, Pintura grampo de a\u00e7o 1070, Pintura em 1070, Pintura em a\u00e7o alto carbono, Pintura em estampados, Pintura em pinos, Pintura em arruela lisa, Pintura em arruela press\u00e3o, Pintura em arruela c\u00f4nicas, Pintura em arruela flexa<\/span><\/p>\n<p class=\"has-white-color has-white-background-color has-text-color has-background\"><span style=\"color: #ffffff;\">Pintura em parafusos, Pintura em \u00a0porcas, Pintura em\u00a0 arruelas, Pintura em\u00a0 pe\u00e7as estampadas, Pintura e Pintura em parafusos, Pintura e Pintura em\u00a0 porcas, Pintura e Pintura em\u00a0 arruelas, Pintura e Pintura em estampados, Pintura e Pintura em pe\u00e7as estampadas.<\/span><\/p>\n<p class=\"has-white-color has-white-background-color has-text-color has-background\"><span style=\"color: #ffffff;\">Aplica\u00e7\u00e3o Geomet em grampo, Aplica\u00e7\u00e3o Geomet em met\u00e1licos, Aplica\u00e7\u00e3o Geomet em presilhas, Aplica\u00e7\u00e3o Geomet em molas, Aplica\u00e7\u00e3o Geomet molas, Aplica\u00e7\u00e3o Geomet grampo de a\u00e7o 1070, Aplica\u00e7\u00e3o Geomet em 1070, Aplica\u00e7\u00e3o Geomet em a\u00e7o alto carbono, Aplica\u00e7\u00e3o Geomet em estampados, Aplica\u00e7\u00e3o Geomet em pinos, Aplica\u00e7\u00e3o Geomet em arruela lisa, Aplica\u00e7\u00e3o Geomet em arruela press\u00e3o, Aplica\u00e7\u00e3o Geomet em arruela c\u00f4nicas, Aplica\u00e7\u00e3o Geomet em arruela flexa<\/span><\/p>\n<p class=\"has-white-color has-white-background-color has-text-color has-background\"><span style=\"color: #ffffff;\">Aplica\u00e7\u00e3o Geomet em parafusos, Aplica\u00e7\u00e3o Geomet em \u00a0porcas, Aplica\u00e7\u00e3o Geomet em\u00a0 arruelas, Aplica\u00e7\u00e3o Geomet em\u00a0 pe\u00e7as estampadas, Aplica\u00e7\u00e3o Geomet e Aplica\u00e7\u00e3o Geomet em parafusos, Aplica\u00e7\u00e3o Geomet e Aplica\u00e7\u00e3o Geomet em\u00a0 porcas, Aplica\u00e7\u00e3o Geomet e Aplica\u00e7\u00e3o Geomet em\u00a0 arruelas, Aplica\u00e7\u00e3o Geomet e Aplica\u00e7\u00e3o Geomet em estampados, Aplica\u00e7\u00e3o Geomet e Aplica\u00e7\u00e3o Geomet em pe\u00e7as estampadas.<\/span><\/p>\n<p><span style=\"color: #ffffff;\">Brasimet, Maxitrat, Prosdac, Nipra, Amortrat, Amortemp, Realtec<\/span><\/p>\n<p><span style=\"color: #ffffff;\">Aust\u00eampera em Diadema, Tratamento t\u00e9rmico em Diadema<\/span><\/p>\n<p><span style=\"color: #ffffff;\">Brasimet, Maxitrat, Prosdac, Nipra, Amortrat, Amortemp, Realtec<\/span><\/p>\n<p><span style=\"color: #ffffff;\">Aust\u00eampera em Diadema, Tratamento t\u00e9rmico em Diadema<\/span><\/p>\n<p><span style=\"color: #ffffff;\">Brasimet, Maxitrat, Prosdac, Nipra, Amortrat, Amortemp, Realtec<\/span><\/p>\n<p><span style=\"color: #ffffff;\">Aust\u00eampera em Diadema, Tratamento t\u00e9rmico em Diadema<\/span><\/p>\n<p><span style=\"color: #ffffff;\">Brasimet, Maxitrat, Prosdac, Nipra, Amortrat, Amortemp, Realtec<\/span><\/p>\n<p><span style=\"color: #ffffff;\">Aust\u00eampera em Diadema, Tratamento t\u00e9rmico em Diadema<\/span><\/p>\n<p><span style=\"color: #ffffff;\">Brasimet, Maxitrat, Prosdac, Nipra, Amortrat, Amortemp, Realtec<\/span><\/p>\n<p><span style=\"color: #ffffff;\">Aust\u00eampera em Diadema, Tratamento t\u00e9rmico em Diadema<\/span><\/p>\n<p><span style=\"color: #ffffff;\">Brasimet, Maxitrat, Prosdac, Nipra, Amortrat, Amortemp, Realtec<\/span><\/p>\n<p><span style=\"color: #ffffff;\">Aust\u00eampera em Diadema, Tratamento t\u00e9rmico em Diadema<\/span><\/p>\n<p><span style=\"color: #ffffff;\">Brasimet, Maxitrat, Prosdac, Nipra, Amortrat, Amortemp, Realtec<\/span><\/p>\n<p><span style=\"color: #ffffff;\">Aust\u00eampera em Diadema, Tratamento t\u00e9rmico em Diadema<\/span><\/p>\n<p><span style=\"color: #ffffff;\">Brasimet, Maxitrat, Prosdac, Nipra, Amortrat, Amortemp, Realtec<\/span><\/p>\n<p><span style=\"color: #ffffff;\">Aust\u00eampera em Diadema, Tratamento t\u00e9rmico em Diadema.<\/span><\/p>\n<p class=\"has-white-color has-text-color\"><\/p>\t\t\t\t\t\t\t\t<\/div>\n\t\t\t\t<\/div>\n\t\t\t\t\t<\/div>\n\t\t<\/div>\n\t\t\t\t\t<\/div>\n\t\t<\/section>\n\t\t\t\t<\/div>","protected":false},"excerpt":{"rendered":"<p>\u00a0Tratamento superficial \u00a0Austempera Geomet Tempera e revenimento ORGANO METALICO TRATAMENTO GEOMET TRATAMENTO ORGANO METALICO \u00a0GVREVESTIMENTOS \u00a0NOFMETALCOATINGS \u00a0INDUFIX \u00a0PROSDAC REALTEC NIPRA Geomet 321 Geomet 321 b Geomet 321\/720 Geomet 321 b Plus \u00a0geomet 500 \u00a0Geomet Black \u00a0Geomet blue Geomet com plus ML Geomet em parafusos \u00a0Geomet em porcas Geomet em grampos de caminh\u00e3o \u00a0Geomet EM PINO [&hellip;]<\/p>","protected":false},"author":6,"featured_media":1543,"parent":0,"menu_order":0,"comment_status":"closed","ping_status":"closed","template":"","meta":{"footnotes":""},"class_list":["post-1554","page","type-page","status-publish","has-post-thumbnail","hentry"],"yoast_head":"<!-- This site is optimized with the Yoast SEO plugin v25.7 - https:\/\/yoast.com\/wordpress\/plugins\/seo\/ -->\n<title>Tratamento t\u00e9rmico e superficial \u2013 MTC TRAT - Tratamento superficial, Aust\u00eampera, Geomet, Geomet 500 - MTC Trat<\/title>\n<meta name=\"robots\" content=\"index, follow, max-snippet:-1, max-image-preview:large, max-video-preview:-1\" \/>\n<link rel=\"canonical\" href=\"https:\/\/mtctrat.com.br\/en\/tratamento-superficial-2\/\" \/>\n<meta property=\"og:locale\" content=\"en_US\" \/>\n<meta property=\"og:type\" content=\"article\" \/>\n<meta property=\"og:title\" content=\"Tratamento t\u00e9rmico e superficial \u2013 MTC TRAT - Tratamento superficial, Aust\u00eampera, Geomet, Geomet 500 - MTC Trat\" \/>\n<meta property=\"og:description\" content=\"\u00a0Tratamento superficial \u00a0Austempera Geomet Tempera e revenimento ORGANO METALICO TRATAMENTO GEOMET TRATAMENTO ORGANO METALICO \u00a0GVREVESTIMENTOS \u00a0NOFMETALCOATINGS \u00a0INDUFIX \u00a0PROSDAC REALTEC NIPRA Geomet 321 Geomet 321 b Geomet 321\/720 Geomet 321 b Plus \u00a0geomet 500 \u00a0Geomet Black \u00a0Geomet blue Geomet com plus ML Geomet em parafusos \u00a0Geomet em porcas Geomet em grampos de caminh\u00e3o \u00a0Geomet EM PINO [&hellip;]\" \/>\n<meta property=\"og:url\" content=\"https:\/\/mtctrat.com.br\/en\/tratamento-superficial-2\/\" \/>\n<meta property=\"og:site_name\" content=\"MTC Trat\" \/>\n<meta property=\"article:publisher\" content=\"https:\/\/www.facebook.com\/mtctrat\" \/>\n<meta property=\"article:modified_time\" content=\"2021-11-17T16:12:29+00:00\" \/>\n<meta property=\"og:image\" content=\"https:\/\/mtctrat.com.br\/wp-content\/uploads\/2021\/03\/Depositphotos_1408611_ds-scaled.jpg\" \/>\n\t<meta property=\"og:image:width\" content=\"2048\" \/>\n\t<meta property=\"og:image:height\" content=\"1533\" \/>\n\t<meta property=\"og:image:type\" content=\"image\/jpeg\" \/>\n<meta name=\"twitter:card\" content=\"summary_large_image\" \/>\n<meta name=\"twitter:label1\" content=\"Est. reading time\" \/>\n\t<meta name=\"twitter:data1\" content=\"5 minutes\" \/>\n<script type=\"application\/ld+json\" class=\"yoast-schema-graph\">{\"@context\":\"https:\/\/schema.org\",\"@graph\":[{\"@type\":\"WebPage\",\"@id\":\"https:\/\/mtctrat.com.br\/tratamento-superficial-2\/\",\"url\":\"https:\/\/mtctrat.com.br\/tratamento-superficial-2\/\",\"name\":\"Tratamento t\u00e9rmico e superficial \u2013 MTC TRAT - Tratamento superficial, Aust\u00eampera, Geomet, Geomet 500 - MTC Trat\",\"isPartOf\":{\"@id\":\"https:\/\/mtctrat.com.br\/#website\"},\"primaryImageOfPage\":{\"@id\":\"https:\/\/mtctrat.com.br\/tratamento-superficial-2\/#primaryimage\"},\"image\":{\"@id\":\"https:\/\/mtctrat.com.br\/tratamento-superficial-2\/#primaryimage\"},\"thumbnailUrl\":\"https:\/\/mtctrat.com.br\/wp-content\/uploads\/2021\/03\/Depositphotos_1408611_ds-scaled.jpg\",\"datePublished\":\"2021-03-11T12:38:56+00:00\",\"dateModified\":\"2021-11-17T16:12:29+00:00\",\"breadcrumb\":{\"@id\":\"https:\/\/mtctrat.com.br\/tratamento-superficial-2\/#breadcrumb\"},\"inLanguage\":\"en-US\",\"potentialAction\":[{\"@type\":\"ReadAction\",\"target\":[\"https:\/\/mtctrat.com.br\/tratamento-superficial-2\/\"]}]},{\"@type\":\"ImageObject\",\"inLanguage\":\"en-US\",\"@id\":\"https:\/\/mtctrat.com.br\/tratamento-superficial-2\/#primaryimage\",\"url\":\"https:\/\/mtctrat.com.br\/wp-content\/uploads\/2021\/03\/Depositphotos_1408611_ds-scaled.jpg\",\"contentUrl\":\"https:\/\/mtctrat.com.br\/wp-content\/uploads\/2021\/03\/Depositphotos_1408611_ds-scaled.jpg\",\"width\":2048,\"height\":1533,\"caption\":\"austempera\"},{\"@type\":\"BreadcrumbList\",\"@id\":\"https:\/\/mtctrat.com.br\/tratamento-superficial-2\/#breadcrumb\",\"itemListElement\":[{\"@type\":\"ListItem\",\"position\":1,\"name\":\"In\u00edcio\",\"item\":\"https:\/\/mtctrat.com.br\/\"},{\"@type\":\"ListItem\",\"position\":2,\"name\":\"Tratamento t\u00e9rmico e superficial \u2013 MTC TRAT &#8211; Tratamento superficial, Aust\u00eampera, Geomet, Geomet 500\"}]},{\"@type\":\"WebSite\",\"@id\":\"https:\/\/mtctrat.com.br\/#website\",\"url\":\"https:\/\/mtctrat.com.br\/\",\"name\":\"MTC Trat\",\"description\":\"Tratamentos T\u00e9rmicos e Superficiais\",\"publisher\":{\"@id\":\"https:\/\/mtctrat.com.br\/#organization\"},\"potentialAction\":[{\"@type\":\"SearchAction\",\"target\":{\"@type\":\"EntryPoint\",\"urlTemplate\":\"https:\/\/mtctrat.com.br\/?s={search_term_string}\"},\"query-input\":{\"@type\":\"PropertyValueSpecification\",\"valueRequired\":true,\"valueName\":\"search_term_string\"}}],\"inLanguage\":\"en-US\"},{\"@type\":\"Organization\",\"@id\":\"https:\/\/mtctrat.com.br\/#organization\",\"name\":\"Mult Tempera\",\"url\":\"https:\/\/mtctrat.com.br\/\",\"logo\":{\"@type\":\"ImageObject\",\"inLanguage\":\"en-US\",\"@id\":\"https:\/\/mtctrat.com.br\/#\/schema\/logo\/image\/\",\"url\":\"https:\/\/mtctrat.com.br\/wp-content\/uploads\/2021\/01\/Logos_MTCTrat.png\",\"contentUrl\":\"https:\/\/mtctrat.com.br\/wp-content\/uploads\/2021\/01\/Logos_MTCTrat.png\",\"width\":1500,\"height\":600,\"caption\":\"Mult Tempera\"},\"image\":{\"@id\":\"https:\/\/mtctrat.com.br\/#\/schema\/logo\/image\/\"},\"sameAs\":[\"https:\/\/www.facebook.com\/mtctrat\"]}]}<\/script>\n<!-- \/ Yoast SEO plugin. -->","yoast_head_json":{"title":"Tratamento t\u00e9rmico e superficial \u2013 MTC TRAT - Tratamento superficial, Aust\u00eampera, Geomet, Geomet 500 - MTC Trat","robots":{"index":"index","follow":"follow","max-snippet":"max-snippet:-1","max-image-preview":"max-image-preview:large","max-video-preview":"max-video-preview:-1"},"canonical":"https:\/\/mtctrat.com.br\/en\/tratamento-superficial-2\/","og_locale":"en_US","og_type":"article","og_title":"Tratamento t\u00e9rmico e superficial \u2013 MTC TRAT - Tratamento superficial, Aust\u00eampera, Geomet, Geomet 500 - MTC Trat","og_description":"\u00a0Tratamento superficial \u00a0Austempera Geomet Tempera e revenimento ORGANO METALICO TRATAMENTO GEOMET TRATAMENTO ORGANO METALICO \u00a0GVREVESTIMENTOS \u00a0NOFMETALCOATINGS \u00a0INDUFIX \u00a0PROSDAC REALTEC NIPRA Geomet 321 Geomet 321 b Geomet 321\/720 Geomet 321 b Plus \u00a0geomet 500 \u00a0Geomet Black \u00a0Geomet blue Geomet com plus ML Geomet em parafusos \u00a0Geomet em porcas Geomet em grampos de caminh\u00e3o \u00a0Geomet EM PINO [&hellip;]","og_url":"https:\/\/mtctrat.com.br\/en\/tratamento-superficial-2\/","og_site_name":"MTC Trat","article_publisher":"https:\/\/www.facebook.com\/mtctrat","article_modified_time":"2021-11-17T16:12:29+00:00","og_image":[{"width":2048,"height":1533,"url":"https:\/\/mtctrat.com.br\/wp-content\/uploads\/2021\/03\/Depositphotos_1408611_ds-scaled.jpg","type":"image\/jpeg"}],"twitter_card":"summary_large_image","twitter_misc":{"Est. reading time":"5 minutes"},"schema":{"@context":"https:\/\/schema.org","@graph":[{"@type":"WebPage","@id":"https:\/\/mtctrat.com.br\/tratamento-superficial-2\/","url":"https:\/\/mtctrat.com.br\/tratamento-superficial-2\/","name":"Tratamento t\u00e9rmico e superficial \u2013 MTC TRAT - Tratamento superficial, Aust\u00eampera, Geomet, Geomet 500 - MTC Trat","isPartOf":{"@id":"https:\/\/mtctrat.com.br\/#website"},"primaryImageOfPage":{"@id":"https:\/\/mtctrat.com.br\/tratamento-superficial-2\/#primaryimage"},"image":{"@id":"https:\/\/mtctrat.com.br\/tratamento-superficial-2\/#primaryimage"},"thumbnailUrl":"https:\/\/mtctrat.com.br\/wp-content\/uploads\/2021\/03\/Depositphotos_1408611_ds-scaled.jpg","datePublished":"2021-03-11T12:38:56+00:00","dateModified":"2021-11-17T16:12:29+00:00","breadcrumb":{"@id":"https:\/\/mtctrat.com.br\/tratamento-superficial-2\/#breadcrumb"},"inLanguage":"en-US","potentialAction":[{"@type":"ReadAction","target":["https:\/\/mtctrat.com.br\/tratamento-superficial-2\/"]}]},{"@type":"ImageObject","inLanguage":"en-US","@id":"https:\/\/mtctrat.com.br\/tratamento-superficial-2\/#primaryimage","url":"https:\/\/mtctrat.com.br\/wp-content\/uploads\/2021\/03\/Depositphotos_1408611_ds-scaled.jpg","contentUrl":"https:\/\/mtctrat.com.br\/wp-content\/uploads\/2021\/03\/Depositphotos_1408611_ds-scaled.jpg","width":2048,"height":1533,"caption":"austempera"},{"@type":"BreadcrumbList","@id":"https:\/\/mtctrat.com.br\/tratamento-superficial-2\/#breadcrumb","itemListElement":[{"@type":"ListItem","position":1,"name":"In\u00edcio","item":"https:\/\/mtctrat.com.br\/"},{"@type":"ListItem","position":2,"name":"Tratamento t\u00e9rmico e superficial \u2013 MTC TRAT &#8211; Tratamento superficial, Aust\u00eampera, Geomet, Geomet 500"}]},{"@type":"WebSite","@id":"https:\/\/mtctrat.com.br\/#website","url":"https:\/\/mtctrat.com.br\/","name":"MTC Trat","description":"Tratamentos T\u00e9rmicos e Superficiais","publisher":{"@id":"https:\/\/mtctrat.com.br\/#organization"},"potentialAction":[{"@type":"SearchAction","target":{"@type":"EntryPoint","urlTemplate":"https:\/\/mtctrat.com.br\/?s={search_term_string}"},"query-input":{"@type":"PropertyValueSpecification","valueRequired":true,"valueName":"search_term_string"}}],"inLanguage":"en-US"},{"@type":"Organization","@id":"https:\/\/mtctrat.com.br\/#organization","name":"Mult Tempera","url":"https:\/\/mtctrat.com.br\/","logo":{"@type":"ImageObject","inLanguage":"en-US","@id":"https:\/\/mtctrat.com.br\/#\/schema\/logo\/image\/","url":"https:\/\/mtctrat.com.br\/wp-content\/uploads\/2021\/01\/Logos_MTCTrat.png","contentUrl":"https:\/\/mtctrat.com.br\/wp-content\/uploads\/2021\/01\/Logos_MTCTrat.png","width":1500,"height":600,"caption":"Mult Tempera"},"image":{"@id":"https:\/\/mtctrat.com.br\/#\/schema\/logo\/image\/"},"sameAs":["https:\/\/www.facebook.com\/mtctrat"]}]}},"_links":{"self":[{"href":"https:\/\/mtctrat.com.br\/en\/wp-json\/wp\/v2\/pages\/1554","targetHints":{"allow":["GET"]}}],"collection":[{"href":"https:\/\/mtctrat.com.br\/en\/wp-json\/wp\/v2\/pages"}],"about":[{"href":"https:\/\/mtctrat.com.br\/en\/wp-json\/wp\/v2\/types\/page"}],"author":[{"embeddable":true,"href":"https:\/\/mtctrat.com.br\/en\/wp-json\/wp\/v2\/users\/6"}],"replies":[{"embeddable":true,"href":"https:\/\/mtctrat.com.br\/en\/wp-json\/wp\/v2\/comments?post=1554"}],"version-history":[{"count":37,"href":"https:\/\/mtctrat.com.br\/en\/wp-json\/wp\/v2\/pages\/1554\/revisions"}],"predecessor-version":[{"id":1814,"href":"https:\/\/mtctrat.com.br\/en\/wp-json\/wp\/v2\/pages\/1554\/revisions\/1814"}],"wp:featuredmedia":[{"embeddable":true,"href":"https:\/\/mtctrat.com.br\/en\/wp-json\/wp\/v2\/media\/1543"}],"wp:attachment":[{"href":"https:\/\/mtctrat.com.br\/en\/wp-json\/wp\/v2\/media?parent=1554"}],"curies":[{"name":"wp","href":"https:\/\/api.w.org\/{rel}","templated":true}]}}