{"id":1650,"date":"2021-06-02T11:02:25","date_gmt":"2021-06-02T14:02:25","guid":{"rendered":"https:\/\/mtctrat.com.br\/?page_id=1650"},"modified":"2021-06-02T11:02:26","modified_gmt":"2021-06-02T14:02:26","slug":"mtc-trat","status":"publish","type":"page","link":"https:\/\/mtctrat.com.br\/en\/mtc-trat\/","title":{"rendered":"MTC Trat"},"content":{"rendered":"<p class=\"has-white-color has-white-background-color has-text-color has-background\">isotermico\u00a0 normaliza\u00e7\u00e3o revenimento tratamento termico solubiliza processo isot\u00e9rmico tratamentos t\u00e9rmicos Tratamento superficial Austempera Tempera e revenimento Parafuso com geomet Geomet para porca\u00a0 Austempera em a\u00e7o mola\u00a0 Austempera em mola\u00a0 Empresa austempera Empresa tratamento termico Empresa Geomet Empresa tratamento superficial isotermico\u00a0 normaliza\u00e7\u00e3o revenimento tratamento termico solubiliza processo isot\u00e9rmico tratamentos t\u00e9rmicos Tratamento superficial Austempera Tempera e revenimento Parafuso com geomet Geomet para porca\u00a0 Austempera em a\u00e7o mola\u00a0 Austempera em mola\u00a0 Empresa austempera Empresa tratamento termico Empresa Geomet Empresa tratamento superficial isotermico\u00a0 normaliza\u00e7\u00e3o revenimento tratamento termico solubiliza processo isot\u00e9rmico tratamentos t\u00e9rmicos Tratamento superficial Austempera Tempera e revenimento Parafuso com geomet Geomet para porca\u00a0 Austempera em a\u00e7o mola\u00a0 Austempera em mola\u00a0 Empresa austempera Empresa tratamento termico Empresa Geomet Empresa tratamento superficial isotermico\u00a0 normaliza\u00e7\u00e3o revenimento tratamento termico solubiliza processo isot\u00e9rmico tratamentos t\u00e9rmicos Tratamento superficial Austempera Tempera e revenimento Parafuso com geomet Geomet para porca\u00a0 Austempera em a\u00e7o mola\u00a0 Austempera em mola\u00a0 Empresa austempera Empresa tratamento termico Empresa Geomet Empresa tratamento superficial isotermico\u00a0 normaliza\u00e7\u00e3o revenimento tratamento termico solubiliza processo isot\u00e9rmico tratamentos t\u00e9rmicos Tratamento superficial Austempera Tempera e revenimento Parafuso com geomet Geomet para porca\u00a0 Austempera em a\u00e7o mola\u00a0 Austempera em mola\u00a0 Empresa austempera Empresa tratamento termico Empresa Geomet Empresa tratamento superficial isotermico\u00a0 normaliza\u00e7\u00e3o revenimento tratamento termico solubiliza processo isot\u00e9rmico tratamentos t\u00e9rmicos Tratamento superficial Austempera Tempera e revenimento Parafuso com geomet Geomet para porca\u00a0 Austempera em a\u00e7o mola\u00a0 Austempera em mola\u00a0 Empresa austempera Empresa tratamento termico Empresa Geomet Empresa tratamento superficial isotermico\u00a0 normaliza\u00e7\u00e3o revenimento tratamento termico solubiliza processo isot\u00e9rmico tratamentos t\u00e9rmicos Tratamento superficial Austempera Tempera e revenimento Parafuso com geomet Geomet para porca\u00a0 Austempera em a\u00e7o mola\u00a0 Austempera em mola\u00a0 Empresa austempera Empresa tratamento termico Empresa Geomet Empresa tratamento superficial isotermico\u00a0 normaliza\u00e7\u00e3o revenimento tratamento termico solubiliza processo isot\u00e9rmico tratamentos t\u00e9rmicos Tratamento superficial Austempera Tempera e revenimento Parafuso com geomet Geomet para porca\u00a0 Austempera em a\u00e7o mola\u00a0 Austempera em mola\u00a0 Empresa austempera Empresa tratamento termico Empresa Geomet Empresa tratamento superficial isotermico\u00a0 normaliza\u00e7\u00e3o revenimento tratamento termico solubiliza processo isot\u00e9rmico tratamentos t\u00e9rmicos Tratamento superficial Austempera Tempera e revenimento Parafuso com geomet Geomet para porca\u00a0 Austempera em a\u00e7o mola\u00a0 Austempera em mola\u00a0 Empresa austempera Empresa tratamento termico Empresa Geomet Empresa tratamento superficial isotermico\u00a0 normaliza\u00e7\u00e3o revenimento tratamento termico solubiliza processo isot\u00e9rmico tratamentos t\u00e9rmicos Tratamento superficial Austempera Tempera e revenimento Parafuso com geomet Geomet para porca\u00a0 Austempera em a\u00e7o mola\u00a0 Austempera em mola\u00a0 Empresa austempera Empresa tratamento termico Empresa Geomet Empresa tratamento superficial isotermico\u00a0 normaliza\u00e7\u00e3o revenimento tratamento termico solubiliza processo isot\u00e9rmico tratamentos t\u00e9rmicos Tratamento superficial Austempera Tempera e revenimento Parafuso com geomet Geomet para porca\u00a0 Austempera em a\u00e7o mola\u00a0 Austempera em mola\u00a0 Empresa austempera Empresa tratamento termico Empresa Geomet Empresa tratamento superficial isotermico\u00a0 normaliza\u00e7\u00e3o revenimento tratamento termico solubiliza processo isot\u00e9rmico tratamentos t\u00e9rmicos Tratamento superficial Austempera Tempera e revenimento Parafuso com geomet Geomet para porca\u00a0 Austempera em a\u00e7o mola\u00a0 Austempera em mola\u00a0 Empresa austempera Empresa tratamento termico Empresa Geomet Empresa tratamento superficial isotermico\u00a0 normaliza\u00e7\u00e3o revenimento tratamento termico solubiliza processo isot\u00e9rmico tratamentos t\u00e9rmicos Tratamento superficial Austempera Tempera e revenimento Parafuso com geomet Geomet para porca\u00a0 Austempera em a\u00e7o mola\u00a0 Austempera em mola\u00a0 Empresa austempera Empresa tratamento termico Empresa Geomet Empresa tratamento superficial isotermico\u00a0 normaliza\u00e7\u00e3o revenimento tratamento termico solubiliza processo isot\u00e9rmico tratamentos t\u00e9rmicos Tratamento superficial Austempera Tempera e revenimento Parafuso com geomet Geomet para porca\u00a0 Austempera em a\u00e7o mola\u00a0 Austempera em mola\u00a0 Empresa austempera Empresa tratamento termico Empresa Geomet Empresa tratamento superficial isotermico\u00a0 normaliza\u00e7\u00e3o revenimento tratamento termico solubiliza processo isot\u00e9rmico tratamentos t\u00e9rmicos Tratamento superficial Austempera Tempera e revenimento Parafuso com geomet Geomet para porca\u00a0 Austempera em a\u00e7o mola\u00a0 Austempera em mola\u00a0 Empresa austempera Empresa tratamento termico Empresa Geomet Empresa tratamento superficial isotermico\u00a0 normaliza\u00e7\u00e3o revenimento tratamento termico solubiliza processo isot\u00e9rmico tratamentos t\u00e9rmicos Tratamento superficial Austempera Tempera e revenimento Parafuso com geomet Geomet para porca\u00a0 Austempera em a\u00e7o mola\u00a0 Austempera em mola\u00a0 Empresa austempera Empresa tratamento termico Empresa Geomet Empresa tratamento superficial isotermico\u00a0 normaliza\u00e7\u00e3o revenimento tratamento termico solubiliza processo isot\u00e9rmico tratamentos t\u00e9rmicos Tratamento superficial Austempera Tempera e revenimento Parafuso com geomet Geomet para porca\u00a0 Austempera em a\u00e7o mola\u00a0 Austempera em mola\u00a0 Empresa austempera Empresa tratamento termico Empresa Geomet Empresa tratamento superficial isotermico\u00a0 normaliza\u00e7\u00e3o revenimento tratamento termico solubiliza processo isot\u00e9rmico tratamentos t\u00e9rmicos Tratamento superficial Austempera Tempera e revenimento Parafuso com geomet Geomet para porca\u00a0 Austempera em a\u00e7o mola\u00a0 Austempera em mola\u00a0 Empresa austempera Empresa tratamento termico Empresa Geomet Empresa tratamento superficial isotermico\u00a0 normaliza\u00e7\u00e3o revenimento tratamento termico solubiliza processo isot\u00e9rmico tratamentos t\u00e9rmicos Tratamento superficial Austempera Tempera e revenimento Parafuso com geomet Geomet para porca\u00a0 Austempera em a\u00e7o mola\u00a0 Austempera em mola\u00a0 Empresa austempera Empresa tratamento termico Empresa Geomet Empresa tratamento superficial isotermico\u00a0 normaliza\u00e7\u00e3o revenimento tratamento termico solubiliza processo isot\u00e9rmico tratamentos t\u00e9rmicos Tratamento superficial Austempera Tempera e revenimento Parafuso com geomet Geomet para porca\u00a0 Austempera em a\u00e7o mola\u00a0 Austempera em mola\u00a0 Empresa austempera Empresa tratamento termico Empresa Geomet Empresa tratamento superficial<\/p>","protected":false},"excerpt":{"rendered":"<p>isotermico\u00a0 normaliza\u00e7\u00e3o revenimento tratamento termico solubiliza processo isot\u00e9rmico tratamentos t\u00e9rmicos Tratamento superficial Austempera Tempera e revenimento Parafuso com geomet Geomet para porca\u00a0 Austempera em a\u00e7o mola\u00a0 Austempera em mola\u00a0 Empresa austempera Empresa tratamento termico Empresa Geomet Empresa tratamento superficial isotermico\u00a0 normaliza\u00e7\u00e3o revenimento tratamento termico solubiliza processo isot\u00e9rmico tratamentos t\u00e9rmicos Tratamento superficial Austempera Tempera e revenimento [&hellip;]<\/p>","protected":false},"author":6,"featured_media":0,"parent":0,"menu_order":0,"comment_status":"closed","ping_status":"closed","template":"","meta":{"footnotes":""},"class_list":["post-1650","page","type-page","status-publish","hentry"],"yoast_head":"<!-- This site is optimized with the Yoast SEO plugin v25.7 - https:\/\/yoast.com\/wordpress\/plugins\/seo\/ -->\n<title>MTC Trat - MTC Trat<\/title>\n<meta name=\"robots\" content=\"index, follow, max-snippet:-1, max-image-preview:large, max-video-preview:-1\" \/>\n<link rel=\"canonical\" href=\"https:\/\/mtctrat.com.br\/en\/mtc-trat\/\" \/>\n<meta property=\"og:locale\" content=\"en_US\" \/>\n<meta property=\"og:type\" content=\"article\" \/>\n<meta property=\"og:title\" content=\"MTC Trat - MTC Trat\" \/>\n<meta property=\"og:description\" content=\"isotermico\u00a0 normaliza\u00e7\u00e3o revenimento tratamento termico solubiliza processo isot\u00e9rmico tratamentos t\u00e9rmicos Tratamento superficial Austempera Tempera e revenimento Parafuso com geomet Geomet para porca\u00a0 Austempera em a\u00e7o mola\u00a0 Austempera em mola\u00a0 Empresa austempera Empresa tratamento termico Empresa Geomet Empresa tratamento superficial isotermico\u00a0 normaliza\u00e7\u00e3o revenimento tratamento termico solubiliza processo isot\u00e9rmico tratamentos t\u00e9rmicos Tratamento superficial Austempera Tempera e revenimento [&hellip;]\" \/>\n<meta property=\"og:url\" content=\"https:\/\/mtctrat.com.br\/en\/mtc-trat\/\" \/>\n<meta property=\"og:site_name\" content=\"MTC Trat\" \/>\n<meta property=\"article:publisher\" content=\"https:\/\/www.facebook.com\/mtctrat\" \/>\n<meta property=\"article:modified_time\" content=\"2021-06-02T14:02:26+00:00\" \/>\n<meta name=\"twitter:card\" content=\"summary_large_image\" \/>\n<meta name=\"twitter:label1\" content=\"Est. reading time\" \/>\n\t<meta name=\"twitter:data1\" content=\"4 minutes\" \/>\n<script type=\"application\/ld+json\" class=\"yoast-schema-graph\">{\"@context\":\"https:\/\/schema.org\",\"@graph\":[{\"@type\":\"WebPage\",\"@id\":\"https:\/\/mtctrat.com.br\/mtc-trat\/\",\"url\":\"https:\/\/mtctrat.com.br\/mtc-trat\/\",\"name\":\"MTC Trat - MTC Trat\",\"isPartOf\":{\"@id\":\"https:\/\/mtctrat.com.br\/#website\"},\"datePublished\":\"2021-06-02T14:02:25+00:00\",\"dateModified\":\"2021-06-02T14:02:26+00:00\",\"breadcrumb\":{\"@id\":\"https:\/\/mtctrat.com.br\/mtc-trat\/#breadcrumb\"},\"inLanguage\":\"en-US\",\"potentialAction\":[{\"@type\":\"ReadAction\",\"target\":[\"https:\/\/mtctrat.com.br\/mtc-trat\/\"]}]},{\"@type\":\"BreadcrumbList\",\"@id\":\"https:\/\/mtctrat.com.br\/mtc-trat\/#breadcrumb\",\"itemListElement\":[{\"@type\":\"ListItem\",\"position\":1,\"name\":\"In\u00edcio\",\"item\":\"https:\/\/mtctrat.com.br\/\"},{\"@type\":\"ListItem\",\"position\":2,\"name\":\"MTC Trat\"}]},{\"@type\":\"WebSite\",\"@id\":\"https:\/\/mtctrat.com.br\/#website\",\"url\":\"https:\/\/mtctrat.com.br\/\",\"name\":\"MTC Trat\",\"description\":\"Tratamentos T\u00e9rmicos e Superficiais\",\"publisher\":{\"@id\":\"https:\/\/mtctrat.com.br\/#organization\"},\"potentialAction\":[{\"@type\":\"SearchAction\",\"target\":{\"@type\":\"EntryPoint\",\"urlTemplate\":\"https:\/\/mtctrat.com.br\/?s={search_term_string}\"},\"query-input\":{\"@type\":\"PropertyValueSpecification\",\"valueRequired\":true,\"valueName\":\"search_term_string\"}}],\"inLanguage\":\"en-US\"},{\"@type\":\"Organization\",\"@id\":\"https:\/\/mtctrat.com.br\/#organization\",\"name\":\"Mult Tempera\",\"url\":\"https:\/\/mtctrat.com.br\/\",\"logo\":{\"@type\":\"ImageObject\",\"inLanguage\":\"en-US\",\"@id\":\"https:\/\/mtctrat.com.br\/#\/schema\/logo\/image\/\",\"url\":\"https:\/\/mtctrat.com.br\/wp-content\/uploads\/2021\/01\/Logos_MTCTrat.png\",\"contentUrl\":\"https:\/\/mtctrat.com.br\/wp-content\/uploads\/2021\/01\/Logos_MTCTrat.png\",\"width\":1500,\"height\":600,\"caption\":\"Mult Tempera\"},\"image\":{\"@id\":\"https:\/\/mtctrat.com.br\/#\/schema\/logo\/image\/\"},\"sameAs\":[\"https:\/\/www.facebook.com\/mtctrat\"]}]}<\/script>\n<!-- \/ Yoast SEO plugin. -->","yoast_head_json":{"title":"MTC Trat - MTC Trat","robots":{"index":"index","follow":"follow","max-snippet":"max-snippet:-1","max-image-preview":"max-image-preview:large","max-video-preview":"max-video-preview:-1"},"canonical":"https:\/\/mtctrat.com.br\/en\/mtc-trat\/","og_locale":"en_US","og_type":"article","og_title":"MTC Trat - MTC Trat","og_description":"isotermico\u00a0 normaliza\u00e7\u00e3o revenimento tratamento termico solubiliza processo isot\u00e9rmico tratamentos t\u00e9rmicos Tratamento superficial Austempera Tempera e revenimento Parafuso com geomet Geomet para porca\u00a0 Austempera em a\u00e7o mola\u00a0 Austempera em mola\u00a0 Empresa austempera Empresa tratamento termico Empresa Geomet Empresa tratamento superficial isotermico\u00a0 normaliza\u00e7\u00e3o revenimento tratamento termico solubiliza processo isot\u00e9rmico tratamentos t\u00e9rmicos Tratamento superficial Austempera Tempera e revenimento [&hellip;]","og_url":"https:\/\/mtctrat.com.br\/en\/mtc-trat\/","og_site_name":"MTC Trat","article_publisher":"https:\/\/www.facebook.com\/mtctrat","article_modified_time":"2021-06-02T14:02:26+00:00","twitter_card":"summary_large_image","twitter_misc":{"Est. reading time":"4 minutes"},"schema":{"@context":"https:\/\/schema.org","@graph":[{"@type":"WebPage","@id":"https:\/\/mtctrat.com.br\/mtc-trat\/","url":"https:\/\/mtctrat.com.br\/mtc-trat\/","name":"MTC Trat - MTC Trat","isPartOf":{"@id":"https:\/\/mtctrat.com.br\/#website"},"datePublished":"2021-06-02T14:02:25+00:00","dateModified":"2021-06-02T14:02:26+00:00","breadcrumb":{"@id":"https:\/\/mtctrat.com.br\/mtc-trat\/#breadcrumb"},"inLanguage":"en-US","potentialAction":[{"@type":"ReadAction","target":["https:\/\/mtctrat.com.br\/mtc-trat\/"]}]},{"@type":"BreadcrumbList","@id":"https:\/\/mtctrat.com.br\/mtc-trat\/#breadcrumb","itemListElement":[{"@type":"ListItem","position":1,"name":"In\u00edcio","item":"https:\/\/mtctrat.com.br\/"},{"@type":"ListItem","position":2,"name":"MTC Trat"}]},{"@type":"WebSite","@id":"https:\/\/mtctrat.com.br\/#website","url":"https:\/\/mtctrat.com.br\/","name":"MTC Trat","description":"Tratamentos T\u00e9rmicos e Superficiais","publisher":{"@id":"https:\/\/mtctrat.com.br\/#organization"},"potentialAction":[{"@type":"SearchAction","target":{"@type":"EntryPoint","urlTemplate":"https:\/\/mtctrat.com.br\/?s={search_term_string}"},"query-input":{"@type":"PropertyValueSpecification","valueRequired":true,"valueName":"search_term_string"}}],"inLanguage":"en-US"},{"@type":"Organization","@id":"https:\/\/mtctrat.com.br\/#organization","name":"Mult Tempera","url":"https:\/\/mtctrat.com.br\/","logo":{"@type":"ImageObject","inLanguage":"en-US","@id":"https:\/\/mtctrat.com.br\/#\/schema\/logo\/image\/","url":"https:\/\/mtctrat.com.br\/wp-content\/uploads\/2021\/01\/Logos_MTCTrat.png","contentUrl":"https:\/\/mtctrat.com.br\/wp-content\/uploads\/2021\/01\/Logos_MTCTrat.png","width":1500,"height":600,"caption":"Mult Tempera"},"image":{"@id":"https:\/\/mtctrat.com.br\/#\/schema\/logo\/image\/"},"sameAs":["https:\/\/www.facebook.com\/mtctrat"]}]}},"_links":{"self":[{"href":"https:\/\/mtctrat.com.br\/en\/wp-json\/wp\/v2\/pages\/1650","targetHints":{"allow":["GET"]}}],"collection":[{"href":"https:\/\/mtctrat.com.br\/en\/wp-json\/wp\/v2\/pages"}],"about":[{"href":"https:\/\/mtctrat.com.br\/en\/wp-json\/wp\/v2\/types\/page"}],"author":[{"embeddable":true,"href":"https:\/\/mtctrat.com.br\/en\/wp-json\/wp\/v2\/users\/6"}],"replies":[{"embeddable":true,"href":"https:\/\/mtctrat.com.br\/en\/wp-json\/wp\/v2\/comments?post=1650"}],"version-history":[{"count":1,"href":"https:\/\/mtctrat.com.br\/en\/wp-json\/wp\/v2\/pages\/1650\/revisions"}],"predecessor-version":[{"id":1652,"href":"https:\/\/mtctrat.com.br\/en\/wp-json\/wp\/v2\/pages\/1650\/revisions\/1652"}],"wp:attachment":[{"href":"https:\/\/mtctrat.com.br\/en\/wp-json\/wp\/v2\/media?parent=1650"}],"curies":[{"name":"wp","href":"https:\/\/api.w.org\/{rel}","templated":true}]}}