{"id":1865,"date":"2022-03-29T17:24:24","date_gmt":"2022-03-29T20:24:24","guid":{"rendered":"https:\/\/mtctrat.com.br\/?page_id=1865"},"modified":"2022-03-29T17:34:28","modified_gmt":"2022-03-29T20:34:28","slug":"geomet-321-720","status":"publish","type":"page","link":"https:\/\/mtctrat.com.br\/en\/tratamento-superficial-geomet\/geomet-321-720\/","title":{"rendered":"GEOMET\u00ae 321\/720"},"content":{"rendered":"<div data-elementor-type=\"wp-page\" data-elementor-id=\"1865\" class=\"elementor elementor-1865\" data-elementor-post-type=\"page\">\n\t\t\t\t\t\t<section class=\"elementor-section elementor-top-section elementor-element elementor-element-1e6dbcc8 elementor-section-boxed elementor-section-height-default elementor-section-height-default\" data-id=\"1e6dbcc8\" data-element_type=\"section\">\n\t\t\t\t\t\t<div class=\"elementor-container elementor-column-gap-default\">\n\t\t\t\t\t<div class=\"elementor-column elementor-col-100 elementor-top-column elementor-element elementor-element-59e71ad9\" data-id=\"59e71ad9\" data-element_type=\"column\">\n\t\t\t<div class=\"elementor-widget-wrap elementor-element-populated\">\n\t\t\t\t\t\t<div class=\"elementor-element elementor-element-e363965 elementor-widget elementor-widget-image\" data-id=\"e363965\" data-element_type=\"widget\" data-widget_type=\"image.default\">\n\t\t\t\t<div class=\"elementor-widget-container\">\n\t\t\t\t\t\t\t\t\t\t\t\t\t\t\t<img decoding=\"async\" src=\"https:\/\/mtctrat.com.br\/wp-content\/uploads\/elementor\/thumbs\/4-pmld6gqg1vockkqjw28424ebk2se33kpr56smufdhc.png\" title=\"4\" alt=\"4\" loading=\"lazy\" \/>\t\t\t\t\t\t\t\t\t\t\t\t\t\t\t<\/div>\n\t\t\t\t<\/div>\n\t\t\t\t<div class=\"elementor-element elementor-element-2dd7c7c1 elementor-widget elementor-widget-text-editor\" data-id=\"2dd7c7c1\" data-element_type=\"widget\" data-widget_type=\"text-editor.default\">\n\t\t\t\t<div class=\"elementor-widget-container\">\n\t\t\t\t\t\t\t\t\t<p><strong>GEOMET<sup>\u00ae<\/sup>321\/720<\/strong>\u00a0\u00e9 uma dispers\u00e3o aquosa que cont\u00e9m flocos de Zinco e Alum\u00ednio, e outros agentes qu\u00edmicos espec\u00edficos, especialmente formulada para prote\u00e7\u00e3o de substratos de Ferro (a\u00e7o), Alum\u00ednio, Zinco e suas ligas.<\/p>\n<p>Constitui-se pela aplica\u00e7\u00e3o de duas ou mais camadas do banho\u00a0<strong>GEOMET<sup>\u00ae\u00a0<\/sup>321\/720<\/strong>,\u00a0e se adapta a uma ampla gama de especifica\u00e7\u00f5es de coeficiente de atrito\u00a0mediante a incorpora\u00e7\u00e3o de TOP COATS.<\/p>\n<p>O\u00a0<strong>GEOMET<sup>\u00ae\u00a0<\/sup>321\/720\u00a0<\/strong>pode ser fornecido em tr\u00eas componentes qu\u00edmicos separados, ou pronto para aplica\u00e7\u00e3o. Requer somente que seja mantido sob agita\u00e7\u00e3o, com temperatura e viscosidade controlada para aplica\u00e7\u00e3o.<\/p>\n<p>Revestimento com baixa espessura de camada, n\u00e3o eletrol\u00edtico:<\/p>\n<ul>\n<li>Base aquosa<\/li>\n<li>Camadas de zinco\u00a0e alum\u00ednio unidas e passivadas, quimicamente \u00a0patenteada<\/li>\n<li>Alternativa\u00a0sem cr\u00f4mio do DACROMET<sup>\u00ae<\/sup><\/li>\n<li>Cor prata met\u00e1lica<\/li>\n<\/ul>\n<h4>Caracter\u00edsticas<\/h4>\n<p>O<strong>\u00a0GEOMET<\/strong><sup>\u00ae\u00a0<\/sup><strong>321\/720\u00a0<\/strong>\u00e9 um revestimento b\u00e1sico para\u00a0pe\u00e7as met\u00e1licas que necessitem alto grau de prote\u00e7\u00e3o com espessura m\u00ednima de camada e aus\u00eancia total de fragiliza\u00e7\u00e3o por Hidrog\u00eanio. Processo Isento de Cr\u00f4mio, equivalente ao consagrado DACROMET<sup>\u00ae<\/sup>\u00a0320.<\/p>\n<p>O<strong>\u00a0GEOMET<\/strong><sup>\u00ae\u00a0<\/sup><strong>321\/720\u00a0<\/strong>promove uma resist\u00eancia \u00e0 corros\u00e3o superior aos revestimentos convencionais tais como: zincagem a fogo, zincagem eletrol\u00edtica, zincagem mec\u00e2nica etc, avaliada pelo teste standard de Salt Spray conforme (ASTM B-117). Comparado com uma camada equivalente de zincado eletrol\u00edtico, o\u00a0<strong>GEOMET<sup>\u00ae\u00a0<\/sup>321\/720\u00a0<\/strong>resiste ao salt spray at\u00e9 cinco vezes mais, contendo menos do que a metade de Zinco depositado por unidade de \u00e1rea.<\/p>\n<ul>\n<li>Base aquosa: livre de subst\u00e2ncias ou compostos t\u00f3xicos para a sa\u00fade e solventes org\u00e2nicos nocivos e de mau odor.<\/li>\n<li>Totalmente isento de Cr\u00f4mio: n\u00e3o cont\u00e9m Cr\u00f4mio em nenhum estado de oxida\u00e7\u00e3o.<\/li>\n<li>Alta resist\u00eancia \u00e0 corros\u00e3o: com baixa espessura de camada.<\/li>\n<li>Alta ader\u00eancia: excelente ader\u00eancia do revestimento ao substrato met\u00e1lico devido \u00e0 presen\u00e7a de elementos que formam uma matriz ligante.<\/li>\n<li>Baix\u00edssima interfer\u00eancia em roscas: devido \u00e0 baixa espessura e uniformidade da camada, o revestimento n\u00e3o afeta o dimensional das pe\u00e7as.<\/li>\n<li>Resist\u00eancia a produtos org\u00e2nicos: resistente a solventes, combust\u00edveis e fluidos hidr\u00e1ulicos devido \u00e0 sua natureza inorg\u00e2nica.<\/li>\n<li>Coeficiente de atrito: adequado \u00e0s exig\u00eancias dos mais diversos segmentos, tais como: Automotivo, E\u00f3lico, Ferrovi\u00e1rio, Agr\u00edcola e Petroqu\u00edmico.<\/li>\n<li>Revestimento completamente met\u00e1lico: livre de resinas org\u00e2nicas.<\/li>\n<li>Eletricamente condutivo: por ser um revestimento met\u00e1lico.<\/li>\n<li>Resist\u00eancia \u00e0 corros\u00e3o bimet\u00e1lica: os flocos de Alum\u00ednio eliminam as t\u00edpicas c\u00e9lulas bimet\u00e1licas comuns \u00e0 maioria dos revestimentos \u00e0 base de Zinco, quando em contato direto com o substrato de Alum\u00ednio ou a\u00e7o.<\/li>\n<li>Resist\u00eancia \u00e0 temperatura: maior resist\u00eancia \u00e0 temperatura quando comparado aos produtos em base solvente.<\/li>\n<li>Excelente ancoragem para pintura: base para a maioria das pinturas, inclusive eletro &#8211; depositada.<\/li>\n<li>Cobertura total: durante a aplica\u00e7\u00e3o a superf\u00edcie interna das pe\u00e7as tamb\u00e9m \u00e9 protegida, por exemplo: tubos, orif\u00edcios capilares, fendas e conjuntos montados.<\/li>\n<li>Aus\u00eancia completa de fragiliza\u00e7\u00e3o por Hidrog\u00eanio: a aus\u00eancia de \u00e1cidos ou eletr\u00f3lise no processo de revestimento assegura a n\u00e3o-fragiliza\u00e7\u00e3o por Hidrog\u00eanio, fen\u00f4meno\u00a0 comumente associado e presente nos processos de eletrodeposi\u00e7\u00e3o.<\/li>\n<li>A\u00e7\u00e3o galv\u00e2nica controlada: resulta em menor quantidade de produtos de corros\u00e3o branca que os zincados convencionais.<\/li>\n<li>Excelente custo-benef\u00edcio: alto poder de cobertura com baixa espessura de camada depositada.<\/li>\n<li>Mundialmente dispon\u00edvel.<\/li>\n<\/ul>\n<h4>Respeito \u00e0 Sa\u00fade e ao Meio Ambiente<\/h4>\n<p>O<strong>\u00a0GEOMET<\/strong><sup>\u00ae\u00a0<\/sup><strong>321\/720\u00a0<\/strong>\u00e9 completamente livre de Cr\u00f4mio hexavalente, trivalente ou met\u00e1lico, de quaisquer outras subst\u00e2ncias ou compostos t\u00f3xicos para a sa\u00fade, subst\u00e2ncias CMR (Cancer\u00edgeno, Mut\u00e1geno, Reprot\u00f3xico) e solventes org\u00e2nicos nocivos e de mau odor.<\/p>\n<p>Seu Flash Point \u00e9 muit\u00edssimo superior ao dos produtos formulados em base solvente org\u00e2nico, pois utiliza a \u00e1gua como solvente, o que garante ao\u00a0<strong>GEOMET<sup>\u00ae\u00a0<\/sup>321\/720\u00a0<\/strong>\u00a0uma maior seguran\u00e7a quanto a riscos de auto-igni\u00e7\u00e3o e fogo.<\/p>\n<ul>\n<li>Est\u00e1 em conformidade com a regulamenta\u00e7\u00e3o REACh<\/li>\n<li>Est\u00e1 em conformidade com as diretrizes 2000\/53\/CE y 2002\/95\/CE<\/li>\n<\/ul>\n<h4>Refer\u00eancias normativas mundiais<\/h4>\n<ul>\n<li>VOLKSWAGEN (TL245)<\/li>\n<li>GENERAL MOTORS (GMW 3359-GMW14)<\/li>\n<li>FIAT (CAPITOLATO 9.57513)<\/li>\n<li>MERCEDES-BENZ (DBL 9440)<\/li>\n<li>IVECO (18 &#8211; 1101)<\/li>\n<li>HONDA HES D 2008-06<\/li>\n<li>YAMAHA YGK 8-502<\/li>\n<li>MAN 183-3<\/li>\n<li>SCANIA STD 3950<\/li>\n<li>RENAULT (01-71-002)<\/li>\n<li>ALSTOM (DTRF 150213)<\/li>\n<li>BOMBARDIER (BT\/CE-WN30-02)<\/li>\n<li>CATERPILLAR (1E1675G)<\/li>\n<li>JOHN DEERE (JDM F13)<\/li>\n<\/ul>\n<div>\u00a0<\/div>\n<h4>KNORR BREMSE (N12005Normas internacionais<\/h4>\n<p><strong>EN ISO 10683<\/strong>\u00a0&#8211; Elementos de fixa\u00e7\u00e3o: Revestimento em flocos de zinco n\u00e3o eletrol\u00edtico.<\/p>\n<p><strong>EN 13858\u00a0<\/strong>&#8211; Revestimentos de flocos de zinco n\u00e3o eletrol\u00edtico, sobre pe\u00e7as de ferro ou a\u00e7o.<\/p>\n<p><strong>ASTM F1136 \/ F1136 M<\/strong>\u00a0&#8211; Prote\u00e7\u00e3o contra corros\u00e3o em revestimentos para fixadores em Zinco\/Alum\u00ednio.<\/p>\t\t\t\t\t\t\t\t<\/div>\n\t\t\t\t<\/div>\n\t\t\t\t\t<\/div>\n\t\t<\/div>\n\t\t\t\t\t<\/div>\n\t\t<\/section>\n\t\t\t\t<\/div>","protected":false},"excerpt":{"rendered":"<p>GEOMET\u00ae321\/720\u00a0\u00e9 uma dispers\u00e3o aquosa que cont\u00e9m flocos de Zinco e Alum\u00ednio, e outros agentes qu\u00edmicos espec\u00edficos, especialmente formulada para prote\u00e7\u00e3o de substratos de Ferro (a\u00e7o), Alum\u00ednio, Zinco e suas ligas. Constitui-se pela aplica\u00e7\u00e3o de duas ou mais camadas do banho\u00a0GEOMET\u00ae\u00a0321\/720,\u00a0e se adapta a uma ampla gama de especifica\u00e7\u00f5es de coeficiente de atrito\u00a0mediante a incorpora\u00e7\u00e3o de [&hellip;]<\/p>","protected":false},"author":6,"featured_media":0,"parent":1282,"menu_order":0,"comment_status":"closed","ping_status":"closed","template":"","meta":{"footnotes":""},"class_list":["post-1865","page","type-page","status-publish","hentry"],"yoast_head":"<!-- This site is optimized with the Yoast SEO plugin v25.7 - https:\/\/yoast.com\/wordpress\/plugins\/seo\/ -->\n<title>GEOMET\u00ae 321\/720 - MTC Trat<\/title>\n<meta name=\"robots\" content=\"index, follow, max-snippet:-1, max-image-preview:large, max-video-preview:-1\" \/>\n<link rel=\"canonical\" href=\"https:\/\/mtctrat.com.br\/en\/tratamento-superficial-geomet\/geomet-321-720\/\" \/>\n<meta property=\"og:locale\" content=\"en_US\" \/>\n<meta property=\"og:type\" content=\"article\" \/>\n<meta property=\"og:title\" content=\"GEOMET\u00ae 321\/720 - MTC Trat\" \/>\n<meta property=\"og:description\" content=\"GEOMET\u00ae321\/720\u00a0\u00e9 uma dispers\u00e3o aquosa que cont\u00e9m flocos de Zinco e Alum\u00ednio, e outros agentes qu\u00edmicos espec\u00edficos, especialmente formulada para prote\u00e7\u00e3o de substratos de Ferro (a\u00e7o), Alum\u00ednio, Zinco e suas ligas. Constitui-se pela aplica\u00e7\u00e3o de duas ou mais camadas do banho\u00a0GEOMET\u00ae\u00a0321\/720,\u00a0e se adapta a uma ampla gama de especifica\u00e7\u00f5es de coeficiente de atrito\u00a0mediante a incorpora\u00e7\u00e3o de [&hellip;]\" \/>\n<meta property=\"og:url\" content=\"https:\/\/mtctrat.com.br\/en\/tratamento-superficial-geomet\/geomet-321-720\/\" \/>\n<meta property=\"og:site_name\" content=\"MTC Trat\" \/>\n<meta property=\"article:publisher\" content=\"https:\/\/www.facebook.com\/mtctrat\" \/>\n<meta property=\"article:modified_time\" content=\"2022-03-29T20:34:28+00:00\" \/>\n<meta property=\"og:image\" content=\"https:\/\/mtctrat.com.br\/wp-content\/uploads\/elementor\/thumbs\/4-pmld6gqg1vockkqjw28424ebk2se33kpr56roz3eo0.png\" \/>\n<meta name=\"twitter:card\" content=\"summary_large_image\" \/>\n<meta name=\"twitter:label1\" content=\"Est. reading time\" \/>\n\t<meta name=\"twitter:data1\" content=\"4 minutes\" \/>\n<script type=\"application\/ld+json\" class=\"yoast-schema-graph\">{\"@context\":\"https:\/\/schema.org\",\"@graph\":[{\"@type\":\"WebPage\",\"@id\":\"https:\/\/mtctrat.com.br\/tratamento-superficial-geomet\/geomet-321-720\/\",\"url\":\"https:\/\/mtctrat.com.br\/tratamento-superficial-geomet\/geomet-321-720\/\",\"name\":\"GEOMET\u00ae 321\/720 - MTC Trat\",\"isPartOf\":{\"@id\":\"https:\/\/mtctrat.com.br\/#website\"},\"primaryImageOfPage\":{\"@id\":\"https:\/\/mtctrat.com.br\/tratamento-superficial-geomet\/geomet-321-720\/#primaryimage\"},\"image\":{\"@id\":\"https:\/\/mtctrat.com.br\/tratamento-superficial-geomet\/geomet-321-720\/#primaryimage\"},\"thumbnailUrl\":\"https:\/\/mtctrat.com.br\/wp-content\/uploads\/elementor\/thumbs\/4-pmld6gqg1vockkqjw28424ebk2se33kpr56roz3eo0.png\",\"datePublished\":\"2022-03-29T20:24:24+00:00\",\"dateModified\":\"2022-03-29T20:34:28+00:00\",\"breadcrumb\":{\"@id\":\"https:\/\/mtctrat.com.br\/tratamento-superficial-geomet\/geomet-321-720\/#breadcrumb\"},\"inLanguage\":\"en-US\",\"potentialAction\":[{\"@type\":\"ReadAction\",\"target\":[\"https:\/\/mtctrat.com.br\/tratamento-superficial-geomet\/geomet-321-720\/\"]}]},{\"@type\":\"ImageObject\",\"inLanguage\":\"en-US\",\"@id\":\"https:\/\/mtctrat.com.br\/tratamento-superficial-geomet\/geomet-321-720\/#primaryimage\",\"url\":\"https:\/\/mtctrat.com.br\/wp-content\/uploads\/elementor\/thumbs\/4-pmld6gqg1vockkqjw28424ebk2se33kpr56roz3eo0.png\",\"contentUrl\":\"https:\/\/mtctrat.com.br\/wp-content\/uploads\/elementor\/thumbs\/4-pmld6gqg1vockkqjw28424ebk2se33kpr56roz3eo0.png\"},{\"@type\":\"BreadcrumbList\",\"@id\":\"https:\/\/mtctrat.com.br\/tratamento-superficial-geomet\/geomet-321-720\/#breadcrumb\",\"itemListElement\":[{\"@type\":\"ListItem\",\"position\":1,\"name\":\"In\u00edcio\",\"item\":\"https:\/\/mtctrat.com.br\/\"},{\"@type\":\"ListItem\",\"position\":2,\"name\":\"Tratamento Superficial &#8211; Geomet\",\"item\":\"https:\/\/mtctrat.com.br\/tratamento-superficial-geomet\/\"},{\"@type\":\"ListItem\",\"position\":3,\"name\":\"GEOMET\u00ae 321\/720\"}]},{\"@type\":\"WebSite\",\"@id\":\"https:\/\/mtctrat.com.br\/#website\",\"url\":\"https:\/\/mtctrat.com.br\/\",\"name\":\"MTC Trat\",\"description\":\"Tratamentos T\u00e9rmicos e Superficiais\",\"publisher\":{\"@id\":\"https:\/\/mtctrat.com.br\/#organization\"},\"potentialAction\":[{\"@type\":\"SearchAction\",\"target\":{\"@type\":\"EntryPoint\",\"urlTemplate\":\"https:\/\/mtctrat.com.br\/?s={search_term_string}\"},\"query-input\":{\"@type\":\"PropertyValueSpecification\",\"valueRequired\":true,\"valueName\":\"search_term_string\"}}],\"inLanguage\":\"en-US\"},{\"@type\":\"Organization\",\"@id\":\"https:\/\/mtctrat.com.br\/#organization\",\"name\":\"Mult Tempera\",\"url\":\"https:\/\/mtctrat.com.br\/\",\"logo\":{\"@type\":\"ImageObject\",\"inLanguage\":\"en-US\",\"@id\":\"https:\/\/mtctrat.com.br\/#\/schema\/logo\/image\/\",\"url\":\"https:\/\/mtctrat.com.br\/wp-content\/uploads\/2021\/01\/Logos_MTCTrat.png\",\"contentUrl\":\"https:\/\/mtctrat.com.br\/wp-content\/uploads\/2021\/01\/Logos_MTCTrat.png\",\"width\":1500,\"height\":600,\"caption\":\"Mult Tempera\"},\"image\":{\"@id\":\"https:\/\/mtctrat.com.br\/#\/schema\/logo\/image\/\"},\"sameAs\":[\"https:\/\/www.facebook.com\/mtctrat\"]}]}<\/script>\n<!-- \/ Yoast SEO plugin. -->","yoast_head_json":{"title":"GEOMET\u00ae 321\/720 - MTC Trat","robots":{"index":"index","follow":"follow","max-snippet":"max-snippet:-1","max-image-preview":"max-image-preview:large","max-video-preview":"max-video-preview:-1"},"canonical":"https:\/\/mtctrat.com.br\/en\/tratamento-superficial-geomet\/geomet-321-720\/","og_locale":"en_US","og_type":"article","og_title":"GEOMET\u00ae 321\/720 - MTC Trat","og_description":"GEOMET\u00ae321\/720\u00a0\u00e9 uma dispers\u00e3o aquosa que cont\u00e9m flocos de Zinco e Alum\u00ednio, e outros agentes qu\u00edmicos espec\u00edficos, especialmente formulada para prote\u00e7\u00e3o de substratos de Ferro (a\u00e7o), Alum\u00ednio, Zinco e suas ligas. Constitui-se pela aplica\u00e7\u00e3o de duas ou mais camadas do banho\u00a0GEOMET\u00ae\u00a0321\/720,\u00a0e se adapta a uma ampla gama de especifica\u00e7\u00f5es de coeficiente de atrito\u00a0mediante a incorpora\u00e7\u00e3o de [&hellip;]","og_url":"https:\/\/mtctrat.com.br\/en\/tratamento-superficial-geomet\/geomet-321-720\/","og_site_name":"MTC Trat","article_publisher":"https:\/\/www.facebook.com\/mtctrat","article_modified_time":"2022-03-29T20:34:28+00:00","og_image":[{"url":"https:\/\/mtctrat.com.br\/wp-content\/uploads\/elementor\/thumbs\/4-pmld6gqg1vockkqjw28424ebk2se33kpr56roz3eo0.png","type":"","width":"","height":""}],"twitter_card":"summary_large_image","twitter_misc":{"Est. reading time":"4 minutes"},"schema":{"@context":"https:\/\/schema.org","@graph":[{"@type":"WebPage","@id":"https:\/\/mtctrat.com.br\/tratamento-superficial-geomet\/geomet-321-720\/","url":"https:\/\/mtctrat.com.br\/tratamento-superficial-geomet\/geomet-321-720\/","name":"GEOMET\u00ae 321\/720 - MTC Trat","isPartOf":{"@id":"https:\/\/mtctrat.com.br\/#website"},"primaryImageOfPage":{"@id":"https:\/\/mtctrat.com.br\/tratamento-superficial-geomet\/geomet-321-720\/#primaryimage"},"image":{"@id":"https:\/\/mtctrat.com.br\/tratamento-superficial-geomet\/geomet-321-720\/#primaryimage"},"thumbnailUrl":"https:\/\/mtctrat.com.br\/wp-content\/uploads\/elementor\/thumbs\/4-pmld6gqg1vockkqjw28424ebk2se33kpr56roz3eo0.png","datePublished":"2022-03-29T20:24:24+00:00","dateModified":"2022-03-29T20:34:28+00:00","breadcrumb":{"@id":"https:\/\/mtctrat.com.br\/tratamento-superficial-geomet\/geomet-321-720\/#breadcrumb"},"inLanguage":"en-US","potentialAction":[{"@type":"ReadAction","target":["https:\/\/mtctrat.com.br\/tratamento-superficial-geomet\/geomet-321-720\/"]}]},{"@type":"ImageObject","inLanguage":"en-US","@id":"https:\/\/mtctrat.com.br\/tratamento-superficial-geomet\/geomet-321-720\/#primaryimage","url":"https:\/\/mtctrat.com.br\/wp-content\/uploads\/elementor\/thumbs\/4-pmld6gqg1vockkqjw28424ebk2se33kpr56roz3eo0.png","contentUrl":"https:\/\/mtctrat.com.br\/wp-content\/uploads\/elementor\/thumbs\/4-pmld6gqg1vockkqjw28424ebk2se33kpr56roz3eo0.png"},{"@type":"BreadcrumbList","@id":"https:\/\/mtctrat.com.br\/tratamento-superficial-geomet\/geomet-321-720\/#breadcrumb","itemListElement":[{"@type":"ListItem","position":1,"name":"In\u00edcio","item":"https:\/\/mtctrat.com.br\/"},{"@type":"ListItem","position":2,"name":"Tratamento Superficial &#8211; Geomet","item":"https:\/\/mtctrat.com.br\/tratamento-superficial-geomet\/"},{"@type":"ListItem","position":3,"name":"GEOMET\u00ae 321\/720"}]},{"@type":"WebSite","@id":"https:\/\/mtctrat.com.br\/#website","url":"https:\/\/mtctrat.com.br\/","name":"MTC Trat","description":"Tratamentos T\u00e9rmicos e Superficiais","publisher":{"@id":"https:\/\/mtctrat.com.br\/#organization"},"potentialAction":[{"@type":"SearchAction","target":{"@type":"EntryPoint","urlTemplate":"https:\/\/mtctrat.com.br\/?s={search_term_string}"},"query-input":{"@type":"PropertyValueSpecification","valueRequired":true,"valueName":"search_term_string"}}],"inLanguage":"en-US"},{"@type":"Organization","@id":"https:\/\/mtctrat.com.br\/#organization","name":"Mult Tempera","url":"https:\/\/mtctrat.com.br\/","logo":{"@type":"ImageObject","inLanguage":"en-US","@id":"https:\/\/mtctrat.com.br\/#\/schema\/logo\/image\/","url":"https:\/\/mtctrat.com.br\/wp-content\/uploads\/2021\/01\/Logos_MTCTrat.png","contentUrl":"https:\/\/mtctrat.com.br\/wp-content\/uploads\/2021\/01\/Logos_MTCTrat.png","width":1500,"height":600,"caption":"Mult Tempera"},"image":{"@id":"https:\/\/mtctrat.com.br\/#\/schema\/logo\/image\/"},"sameAs":["https:\/\/www.facebook.com\/mtctrat"]}]}},"_links":{"self":[{"href":"https:\/\/mtctrat.com.br\/en\/wp-json\/wp\/v2\/pages\/1865","targetHints":{"allow":["GET"]}}],"collection":[{"href":"https:\/\/mtctrat.com.br\/en\/wp-json\/wp\/v2\/pages"}],"about":[{"href":"https:\/\/mtctrat.com.br\/en\/wp-json\/wp\/v2\/types\/page"}],"author":[{"embeddable":true,"href":"https:\/\/mtctrat.com.br\/en\/wp-json\/wp\/v2\/users\/6"}],"replies":[{"embeddable":true,"href":"https:\/\/mtctrat.com.br\/en\/wp-json\/wp\/v2\/comments?post=1865"}],"version-history":[{"count":8,"href":"https:\/\/mtctrat.com.br\/en\/wp-json\/wp\/v2\/pages\/1865\/revisions"}],"predecessor-version":[{"id":1916,"href":"https:\/\/mtctrat.com.br\/en\/wp-json\/wp\/v2\/pages\/1865\/revisions\/1916"}],"up":[{"embeddable":true,"href":"https:\/\/mtctrat.com.br\/en\/wp-json\/wp\/v2\/pages\/1282"}],"wp:attachment":[{"href":"https:\/\/mtctrat.com.br\/en\/wp-json\/wp\/v2\/media?parent=1865"}],"curies":[{"name":"wp","href":"https:\/\/api.w.org\/{rel}","templated":true}]}}