{"id":1893,"date":"2022-03-30T13:28:18","date_gmt":"2022-03-30T16:28:18","guid":{"rendered":"https:\/\/mtctrat.com.br\/?page_id=1893"},"modified":"2022-03-30T13:28:19","modified_gmt":"2022-03-30T16:28:19","slug":"serie-plus","status":"publish","type":"page","link":"https:\/\/mtctrat.com.br\/en\/serie-plus\/","title":{"rendered":"S\u00c9RIE PLUS"},"content":{"rendered":"<div data-elementor-type=\"wp-page\" data-elementor-id=\"1893\" class=\"elementor elementor-1893\" data-elementor-post-type=\"page\">\n\t\t\t\t\t\t<section class=\"elementor-section elementor-top-section elementor-element elementor-element-71bec1d9 elementor-section-boxed elementor-section-height-default elementor-section-height-default\" data-id=\"71bec1d9\" data-element_type=\"section\">\n\t\t\t\t\t\t<div class=\"elementor-container elementor-column-gap-default\">\n\t\t\t\t\t<div class=\"elementor-column elementor-col-100 elementor-top-column elementor-element elementor-element-10bf5a8c\" data-id=\"10bf5a8c\" data-element_type=\"column\">\n\t\t\t<div class=\"elementor-widget-wrap elementor-element-populated\">\n\t\t\t\t\t\t<div class=\"elementor-element elementor-element-c7b5dd1 elementor-widget elementor-widget-image\" data-id=\"c7b5dd1\" data-element_type=\"widget\" data-widget_type=\"image.default\">\n\t\t\t\t<div class=\"elementor-widget-container\">\n\t\t\t\t\t\t\t\t\t\t\t\t\t\t\t<img decoding=\"async\" src=\"https:\/\/mtctrat.com.br\/wp-content\/uploads\/elementor\/thumbs\/6-pmlfhmiep7ilqlxxaiav5mxfkawg32psur0a554gzk.png\" title=\"Tratamento Organomet\u00e1lico\" alt=\"Tratamento Organomet\u00e1lico\" loading=\"lazy\" \/>\t\t\t\t\t\t\t\t\t\t\t\t\t\t\t<\/div>\n\t\t\t\t<\/div>\n\t\t\t\t<div class=\"elementor-element elementor-element-792fdc06 elementor-widget elementor-widget-text-editor\" data-id=\"792fdc06\" data-element_type=\"widget\" data-widget_type=\"text-editor.default\">\n\t\t\t\t<div class=\"elementor-widget-container\">\n\t\t\t\t\t\t\t\t\t<p><strong>A\u00a0 S\u00c9RIE PLUS<sup>\u00ae<\/sup><\/strong>\u00a0\u00e9 uma linha de selantes inorg\u00e2nicos em base aquosa, especialmente formulados para pe\u00e7as j\u00e1 revestidas com DACROMET<sup>\u00ae<\/sup>\u00a0ou GEOMET<sup>\u00ae<\/sup>, conferindo a estes uma alt\u00edssima resist\u00eancia \u00e0 corros\u00e3o.<\/p>\n<p>S\u00e3o aplicados sobre o Base Coat, formando uma pel\u00edcula de baixa espessura de camada, a qual confere as seguintes caracter\u00edsticas ao revestimento:<\/p>\n<ul>\n<li>Valores consistentes de Coeficiente de Atrito<\/li>\n<li>Aumento significativo da resist\u00eancia \u00e0 corros\u00e3o<\/li>\n<\/ul>\n<p>\u00a0<\/p>\n<p><strong>A S\u00c9RIE PLUS<sup>\u00ae<\/sup><\/strong>\u00a0\u00e9 fornecida pronto para uso. Agita\u00e7\u00e3o e filtra\u00e7\u00e3o cont\u00ednua durante sua utiliza\u00e7\u00e3o \u00e9 necess\u00e1ria para assegurar um revestimento uniforme.<\/p>\n<p>O Top Coat a ser aplicado depender\u00e1 da especifica\u00e7\u00e3o a ser utilizada:<\/p>\n<ul>\n<li><strong>Plus ML<sup>\u00ae<\/sup><\/strong>&#8211; Desenvolvido para aplica\u00e7\u00e3o sobre\u00a0<strong>GEOMET<sup>\u00ae<\/sup><\/strong>, forma uma pel\u00edcula com baixo coeficiente de atrito e de alto grau de prote\u00e7\u00e3o ao substrato. Op\u00e7\u00f5es: incolor, azul e verde.<\/li>\n<li><strong>Plus VL<\/strong>&#8211; Proporciona ao substrato uma alt\u00edssima resist\u00eancia \u00e0 corros\u00e3o e baixo coeficiente de atrito.<\/li>\n<li><strong>Plus XL<\/strong>&#8211; Desenvolvido para aplica\u00e7\u00e3o em pe\u00e7as j\u00e1 revestidas com\u00a0<strong>GEOMET<sup>\u00ae<\/sup><\/strong>, que necessitam de um baix\u00edssimo coeficiente de atrito e alto grau de prote\u00e7\u00e3o ao substrato.<\/li>\n<li><strong>Plus L<sup>\u00ae<\/sup><\/strong>&#8211; Proporciona ao substrato uma alt\u00edssima resist\u00eancia\u00a0 \u00e0\u00a0 corros\u00e3o e baixo coeficiente de atrito. Possui pigmenta\u00e7\u00e3o sens\u00edvel \u00e0 radia\u00e7\u00e3o UV, a qual permite sua identifica\u00e7\u00e3o em pe\u00e7as revestidas.<\/li>\n<li><strong>Plus C<sup>\u00ae<\/sup>\/10<\/strong>&#8211; Forma uma pel\u00edcula transparente n\u00e3o lubrificada, conferindo ao substrato uma alt\u00edssima resist\u00eancia \u00e0 corros\u00e3o.<\/li>\n<li><strong>Plus P<sup>\u00ae<\/sup>\/M<\/strong>&#8211; Forma uma pel\u00edcula transparente com coeficiente de atrito controlado.<\/li>\n<\/ul>\n<p>\u00a0<\/p>\n<p><strong>Caracter\u00edsticas<\/strong><strong>\u00a0<\/strong><\/p>\n<ul>\n<li>Superior Resist\u00eancia \u00e0 corros\u00e3o, incluindo boa resist\u00eancia \u00e0 corros\u00e3o bimet\u00e1lica com Alum\u00ednio;<\/li>\n<li>Aus\u00eancia completa de fragiliza\u00e7\u00e3o por Hidrog\u00eanio;<\/li>\n<li>Valores de Coeficiente de Atrito constantes;<\/li>\n<li>Boa resist\u00eancia ao ambiente marinho;<\/li>\n<li>A\u00e7\u00e3o galv\u00e2nica controlada resultando em menos produtos de corros\u00e3o branca do que zincados convencionais;<\/li>\n<li>Excelente resist\u00eancia a solventes, gasolinas e flu\u00eddos de freio.<\/li>\n<\/ul>\n<p>\u00a0<\/p>\n<p><strong>\u00a0Respeito \u00e0 Sa\u00fade e ao Meio Ambiente<\/strong><\/p>\n<ul>\n<li>Est\u00e1 em conformidade com a regulamenta\u00e7\u00e3o REACh<\/li>\n<li>Est\u00e1 em conformidade com as diretrizes 2000\/53\/CE y 2002\/95\/CE<\/li>\n<\/ul>\n<p>\u00a0<\/p>\n<p><strong>Refer\u00eancias normativas mundiais<\/strong><\/p>\n<p><strong>PLUS\u00a0 XL :\u00a0\u00a0<\/strong>\u00a0\u00a0\u00a0<\/p>\n<ul>\n<li>PSA (B15 3320)<\/li>\n<li>RENAULT (on drawings)<\/li>\n<li>CHRYSLER (PS 9666)<\/li>\n<\/ul>\n<p>\u00a0<\/p>\n<p><strong>PLUS L<sup>\u00ae\u00a0<\/sup>\u00a0:\u00a0<\/strong>\u00a0\u00a0\u00a0\u00a0<\/p>\n<ul>\n<li>CHRYSLER (PS-5873)<\/li>\n<li>FIAT (Cap. 9.57513)\u00a0\u00a0\u00a0\u00a0\u00a0\u00a0\u00a0\u00a0\u00a0\u00a0\u00a0\u00a0\u00a0\u00a0\u00a0\u00a0\u00a0\u00a0\u00a0\u00a0\u00a0\u00a0\u00a0\u00a0\u00a0\u00a0<\/li>\n<li>GENERAL MOTORS (GMW14)<\/li>\n<li>IVECO (18-1101)<\/li>\n<li>CATERPILLAR (1E1675G)<\/li>\n<li>JOHN DEERE (JDM F13)<\/li>\n<\/ul>\n<p>\u00a0<\/p>\n<p><strong>PLUS VL :\u00a0\u00a0\u00a0\u00a0\u00a0<\/strong><\/p>\n<ul>\n<li>BMW (GS 90010)<\/li>\n<li>DAIMLER (DBL 9440)<\/li>\n<li>OPEL (GMW 3359)<\/li>\n<li>PORSCHE (PTL 7529)<\/li>\n<li>RENAULT TRUCKS (01.71.4002)<\/li>\n<li>VOLKSWAGEN Group (TL 245)<\/li>\n<\/ul>\n<p>\u00a0<\/p>\n<p><strong>PLUS ML<sup>\u00ae<\/sup>:\u00a0\u00a0<\/strong><\/p>\n<ul>\n<li>FIAT (Cap. 9.57513)<\/li>\n<li>SCANIA (STD 3950)<\/li>\n<li>GENERAL MOTORS (GMW 3359)<\/li>\n<li>IVECO (18-1101)<\/li>\n<\/ul>\n<p>\u00a0<\/p>\n<p><strong>PLUS P<sup>\u00ae<\/sup>\/M:<\/strong><\/p>\n<ul>\n<li>FIAT (Cap. 9.57513)<\/li>\n<li>IVECO (18-1101)<\/li>\n<li>RENAULT (01-71-002)<\/li>\n<li>RENAULT TRUCKS (01.71.4002)<\/li>\n<\/ul>\n<p>\u00a0<\/p>\n<p><strong>PLUS C<sup>\u00ae<\/sup>\/10 :<\/strong><\/p>\n<ul>\n<li>HONDA<\/li>\n<li>NISSAN<\/li>\n<li>PORSCHE (PTL 7529)<\/li>\n<li>SUZUKI<\/li>\n<li>VOLKSWAGEN Group (TL245)<\/li>\n<li>FIAT (Cap. 9.57513)<\/li>\n<\/ul>\n<p>\u00a0<\/p>\n<p><strong>Normas internacionais<\/strong><\/p>\n<p><strong>EN ISO 10683<\/strong>\u00a0&#8211; Elementos de fixa\u00e7\u00e3o: Revestimento em flocos de zinco n\u00e3o eletrol\u00edtico.<\/p>\n<p><strong>EN 13858\u00a0<\/strong>&#8211; Revestimentos de flocos de zinco n\u00e3o eletrol\u00edtico, sobre pe\u00e7as de ferro ou a\u00e7o.<\/p>\n<p>\u00a0<\/p>\n<p>\u00a0<\/p>\t\t\t\t\t\t\t\t<\/div>\n\t\t\t\t<\/div>\n\t\t\t\t\t<\/div>\n\t\t<\/div>\n\t\t\t\t\t<\/div>\n\t\t<\/section>\n\t\t\t\t<\/div>","protected":false},"excerpt":{"rendered":"<p>A&nbsp; S\u00c9RIE PLUS\u00ae&nbsp;\u00e9 uma linha de selantes inorg\u00e2nicos em base aquosa, especialmente formulados para pe\u00e7as j\u00e1 revestidas com DACROMET\u00ae&nbsp;ou GEOMET\u00ae, conferindo a estes uma alt\u00edssima resist\u00eancia \u00e0 corros\u00e3o. S\u00e3o aplicados sobre o Base Coat, formando uma pel\u00edcula de baixa espessura de camada, a qual confere as seguintes caracter\u00edsticas ao revestimento: Valores consistentes de Coeficiente de [&hellip;]<\/p>","protected":false},"author":6,"featured_media":0,"parent":0,"menu_order":0,"comment_status":"closed","ping_status":"closed","template":"","meta":{"footnotes":""},"class_list":["post-1893","page","type-page","status-publish","hentry"],"yoast_head":"<!-- This site is optimized with the Yoast SEO plugin v25.7 - https:\/\/yoast.com\/wordpress\/plugins\/seo\/ -->\n<title>S\u00c9RIE PLUS - MTC Trat<\/title>\n<meta name=\"robots\" content=\"index, follow, max-snippet:-1, max-image-preview:large, max-video-preview:-1\" \/>\n<link rel=\"canonical\" href=\"https:\/\/mtctrat.com.br\/en\/serie-plus\/\" \/>\n<meta property=\"og:locale\" content=\"en_US\" \/>\n<meta property=\"og:type\" content=\"article\" \/>\n<meta property=\"og:title\" content=\"S\u00c9RIE PLUS - MTC Trat\" \/>\n<meta property=\"og:description\" content=\"A&nbsp; S\u00c9RIE PLUS\u00ae&nbsp;\u00e9 uma linha de selantes inorg\u00e2nicos em base aquosa, especialmente formulados para pe\u00e7as j\u00e1 revestidas com DACROMET\u00ae&nbsp;ou GEOMET\u00ae, conferindo a estes uma alt\u00edssima resist\u00eancia \u00e0 corros\u00e3o. S\u00e3o aplicados sobre o Base Coat, formando uma pel\u00edcula de baixa espessura de camada, a qual confere as seguintes caracter\u00edsticas ao revestimento: Valores consistentes de Coeficiente de [&hellip;]\" \/>\n<meta property=\"og:url\" content=\"https:\/\/mtctrat.com.br\/en\/serie-plus\/\" \/>\n<meta property=\"og:site_name\" content=\"MTC Trat\" \/>\n<meta property=\"article:publisher\" content=\"https:\/\/www.facebook.com\/mtctrat\" \/>\n<meta property=\"article:modified_time\" content=\"2022-03-30T16:28:19+00:00\" \/>\n<meta property=\"og:image\" content=\"https:\/\/mtctrat.com.br\/wp-content\/uploads\/elementor\/thumbs\/6-pmlfhmiep7ilqlxxaiav5mxfkawg32psur0979si68.png\" \/>\n<meta name=\"twitter:card\" content=\"summary_large_image\" \/>\n<meta name=\"twitter:label1\" content=\"Est. reading time\" \/>\n\t<meta name=\"twitter:data1\" content=\"3 minutes\" \/>\n<script type=\"application\/ld+json\" class=\"yoast-schema-graph\">{\"@context\":\"https:\/\/schema.org\",\"@graph\":[{\"@type\":\"WebPage\",\"@id\":\"https:\/\/mtctrat.com.br\/serie-plus\/\",\"url\":\"https:\/\/mtctrat.com.br\/serie-plus\/\",\"name\":\"S\u00c9RIE PLUS - MTC Trat\",\"isPartOf\":{\"@id\":\"https:\/\/mtctrat.com.br\/#website\"},\"primaryImageOfPage\":{\"@id\":\"https:\/\/mtctrat.com.br\/serie-plus\/#primaryimage\"},\"image\":{\"@id\":\"https:\/\/mtctrat.com.br\/serie-plus\/#primaryimage\"},\"thumbnailUrl\":\"https:\/\/mtctrat.com.br\/wp-content\/uploads\/elementor\/thumbs\/6-pmlfhmiep7ilqlxxaiav5mxfkawg32psur0979si68.png\",\"datePublished\":\"2022-03-30T16:28:18+00:00\",\"dateModified\":\"2022-03-30T16:28:19+00:00\",\"breadcrumb\":{\"@id\":\"https:\/\/mtctrat.com.br\/serie-plus\/#breadcrumb\"},\"inLanguage\":\"en-US\",\"potentialAction\":[{\"@type\":\"ReadAction\",\"target\":[\"https:\/\/mtctrat.com.br\/serie-plus\/\"]}]},{\"@type\":\"ImageObject\",\"inLanguage\":\"en-US\",\"@id\":\"https:\/\/mtctrat.com.br\/serie-plus\/#primaryimage\",\"url\":\"https:\/\/mtctrat.com.br\/wp-content\/uploads\/elementor\/thumbs\/6-pmlfhmiep7ilqlxxaiav5mxfkawg32psur0979si68.png\",\"contentUrl\":\"https:\/\/mtctrat.com.br\/wp-content\/uploads\/elementor\/thumbs\/6-pmlfhmiep7ilqlxxaiav5mxfkawg32psur0979si68.png\"},{\"@type\":\"BreadcrumbList\",\"@id\":\"https:\/\/mtctrat.com.br\/serie-plus\/#breadcrumb\",\"itemListElement\":[{\"@type\":\"ListItem\",\"position\":1,\"name\":\"In\u00edcio\",\"item\":\"https:\/\/mtctrat.com.br\/\"},{\"@type\":\"ListItem\",\"position\":2,\"name\":\"S\u00c9RIE PLUS\"}]},{\"@type\":\"WebSite\",\"@id\":\"https:\/\/mtctrat.com.br\/#website\",\"url\":\"https:\/\/mtctrat.com.br\/\",\"name\":\"MTC Trat\",\"description\":\"Tratamentos T\u00e9rmicos e Superficiais\",\"publisher\":{\"@id\":\"https:\/\/mtctrat.com.br\/#organization\"},\"potentialAction\":[{\"@type\":\"SearchAction\",\"target\":{\"@type\":\"EntryPoint\",\"urlTemplate\":\"https:\/\/mtctrat.com.br\/?s={search_term_string}\"},\"query-input\":{\"@type\":\"PropertyValueSpecification\",\"valueRequired\":true,\"valueName\":\"search_term_string\"}}],\"inLanguage\":\"en-US\"},{\"@type\":\"Organization\",\"@id\":\"https:\/\/mtctrat.com.br\/#organization\",\"name\":\"Mult Tempera\",\"url\":\"https:\/\/mtctrat.com.br\/\",\"logo\":{\"@type\":\"ImageObject\",\"inLanguage\":\"en-US\",\"@id\":\"https:\/\/mtctrat.com.br\/#\/schema\/logo\/image\/\",\"url\":\"https:\/\/mtctrat.com.br\/wp-content\/uploads\/2021\/01\/Logos_MTCTrat.png\",\"contentUrl\":\"https:\/\/mtctrat.com.br\/wp-content\/uploads\/2021\/01\/Logos_MTCTrat.png\",\"width\":1500,\"height\":600,\"caption\":\"Mult Tempera\"},\"image\":{\"@id\":\"https:\/\/mtctrat.com.br\/#\/schema\/logo\/image\/\"},\"sameAs\":[\"https:\/\/www.facebook.com\/mtctrat\"]}]}<\/script>\n<!-- \/ Yoast SEO plugin. -->","yoast_head_json":{"title":"S\u00c9RIE PLUS - MTC Trat","robots":{"index":"index","follow":"follow","max-snippet":"max-snippet:-1","max-image-preview":"max-image-preview:large","max-video-preview":"max-video-preview:-1"},"canonical":"https:\/\/mtctrat.com.br\/en\/serie-plus\/","og_locale":"en_US","og_type":"article","og_title":"S\u00c9RIE PLUS - MTC Trat","og_description":"A&nbsp; S\u00c9RIE PLUS\u00ae&nbsp;\u00e9 uma linha de selantes inorg\u00e2nicos em base aquosa, especialmente formulados para pe\u00e7as j\u00e1 revestidas com DACROMET\u00ae&nbsp;ou GEOMET\u00ae, conferindo a estes uma alt\u00edssima resist\u00eancia \u00e0 corros\u00e3o. S\u00e3o aplicados sobre o Base Coat, formando uma pel\u00edcula de baixa espessura de camada, a qual confere as seguintes caracter\u00edsticas ao revestimento: Valores consistentes de Coeficiente de [&hellip;]","og_url":"https:\/\/mtctrat.com.br\/en\/serie-plus\/","og_site_name":"MTC Trat","article_publisher":"https:\/\/www.facebook.com\/mtctrat","article_modified_time":"2022-03-30T16:28:19+00:00","og_image":[{"url":"https:\/\/mtctrat.com.br\/wp-content\/uploads\/elementor\/thumbs\/6-pmlfhmiep7ilqlxxaiav5mxfkawg32psur0979si68.png","type":"","width":"","height":""}],"twitter_card":"summary_large_image","twitter_misc":{"Est. reading time":"3 minutes"},"schema":{"@context":"https:\/\/schema.org","@graph":[{"@type":"WebPage","@id":"https:\/\/mtctrat.com.br\/serie-plus\/","url":"https:\/\/mtctrat.com.br\/serie-plus\/","name":"S\u00c9RIE PLUS - MTC Trat","isPartOf":{"@id":"https:\/\/mtctrat.com.br\/#website"},"primaryImageOfPage":{"@id":"https:\/\/mtctrat.com.br\/serie-plus\/#primaryimage"},"image":{"@id":"https:\/\/mtctrat.com.br\/serie-plus\/#primaryimage"},"thumbnailUrl":"https:\/\/mtctrat.com.br\/wp-content\/uploads\/elementor\/thumbs\/6-pmlfhmiep7ilqlxxaiav5mxfkawg32psur0979si68.png","datePublished":"2022-03-30T16:28:18+00:00","dateModified":"2022-03-30T16:28:19+00:00","breadcrumb":{"@id":"https:\/\/mtctrat.com.br\/serie-plus\/#breadcrumb"},"inLanguage":"en-US","potentialAction":[{"@type":"ReadAction","target":["https:\/\/mtctrat.com.br\/serie-plus\/"]}]},{"@type":"ImageObject","inLanguage":"en-US","@id":"https:\/\/mtctrat.com.br\/serie-plus\/#primaryimage","url":"https:\/\/mtctrat.com.br\/wp-content\/uploads\/elementor\/thumbs\/6-pmlfhmiep7ilqlxxaiav5mxfkawg32psur0979si68.png","contentUrl":"https:\/\/mtctrat.com.br\/wp-content\/uploads\/elementor\/thumbs\/6-pmlfhmiep7ilqlxxaiav5mxfkawg32psur0979si68.png"},{"@type":"BreadcrumbList","@id":"https:\/\/mtctrat.com.br\/serie-plus\/#breadcrumb","itemListElement":[{"@type":"ListItem","position":1,"name":"In\u00edcio","item":"https:\/\/mtctrat.com.br\/"},{"@type":"ListItem","position":2,"name":"S\u00c9RIE PLUS"}]},{"@type":"WebSite","@id":"https:\/\/mtctrat.com.br\/#website","url":"https:\/\/mtctrat.com.br\/","name":"MTC Trat","description":"Tratamentos T\u00e9rmicos e Superficiais","publisher":{"@id":"https:\/\/mtctrat.com.br\/#organization"},"potentialAction":[{"@type":"SearchAction","target":{"@type":"EntryPoint","urlTemplate":"https:\/\/mtctrat.com.br\/?s={search_term_string}"},"query-input":{"@type":"PropertyValueSpecification","valueRequired":true,"valueName":"search_term_string"}}],"inLanguage":"en-US"},{"@type":"Organization","@id":"https:\/\/mtctrat.com.br\/#organization","name":"Mult Tempera","url":"https:\/\/mtctrat.com.br\/","logo":{"@type":"ImageObject","inLanguage":"en-US","@id":"https:\/\/mtctrat.com.br\/#\/schema\/logo\/image\/","url":"https:\/\/mtctrat.com.br\/wp-content\/uploads\/2021\/01\/Logos_MTCTrat.png","contentUrl":"https:\/\/mtctrat.com.br\/wp-content\/uploads\/2021\/01\/Logos_MTCTrat.png","width":1500,"height":600,"caption":"Mult Tempera"},"image":{"@id":"https:\/\/mtctrat.com.br\/#\/schema\/logo\/image\/"},"sameAs":["https:\/\/www.facebook.com\/mtctrat"]}]}},"_links":{"self":[{"href":"https:\/\/mtctrat.com.br\/en\/wp-json\/wp\/v2\/pages\/1893","targetHints":{"allow":["GET"]}}],"collection":[{"href":"https:\/\/mtctrat.com.br\/en\/wp-json\/wp\/v2\/pages"}],"about":[{"href":"https:\/\/mtctrat.com.br\/en\/wp-json\/wp\/v2\/types\/page"}],"author":[{"embeddable":true,"href":"https:\/\/mtctrat.com.br\/en\/wp-json\/wp\/v2\/users\/6"}],"replies":[{"embeddable":true,"href":"https:\/\/mtctrat.com.br\/en\/wp-json\/wp\/v2\/comments?post=1893"}],"version-history":[{"count":15,"href":"https:\/\/mtctrat.com.br\/en\/wp-json\/wp\/v2\/pages\/1893\/revisions"}],"predecessor-version":[{"id":1994,"href":"https:\/\/mtctrat.com.br\/en\/wp-json\/wp\/v2\/pages\/1893\/revisions\/1994"}],"wp:attachment":[{"href":"https:\/\/mtctrat.com.br\/en\/wp-json\/wp\/v2\/media?parent=1893"}],"curies":[{"name":"wp","href":"https:\/\/api.w.org\/{rel}","templated":true}]}}