{"id":1903,"date":"2022-03-30T13:13:07","date_gmt":"2022-03-30T16:13:07","guid":{"rendered":"https:\/\/mtctrat.com.br\/?page_id=1903"},"modified":"2022-03-30T13:13:48","modified_gmt":"2022-03-30T16:13:48","slug":"geoblack","status":"publish","type":"page","link":"https:\/\/mtctrat.com.br\/en\/geoblack\/","title":{"rendered":"GEOBLACK"},"content":{"rendered":"<div data-elementor-type=\"wp-page\" data-elementor-id=\"1903\" class=\"elementor elementor-1903\" data-elementor-post-type=\"page\">\n\t\t\t\t\t\t<section class=\"elementor-section elementor-top-section elementor-element elementor-element-f1b0169 elementor-section-boxed elementor-section-height-default elementor-section-height-default\" data-id=\"f1b0169\" data-element_type=\"section\">\n\t\t\t\t\t\t<div class=\"elementor-container elementor-column-gap-default\">\n\t\t\t\t\t<div class=\"elementor-column elementor-col-100 elementor-top-column elementor-element elementor-element-58bc981e\" data-id=\"58bc981e\" data-element_type=\"column\">\n\t\t\t<div class=\"elementor-widget-wrap elementor-element-populated\">\n\t\t\t\t\t\t<div class=\"elementor-element elementor-element-4995259 elementor-widget elementor-widget-image\" data-id=\"4995259\" data-element_type=\"widget\" data-widget_type=\"image.default\">\n\t\t\t\t<div class=\"elementor-widget-container\">\n\t\t\t\t\t\t\t\t\t\t\t\t\t\t\t<img decoding=\"async\" src=\"https:\/\/mtctrat.com.br\/wp-content\/uploads\/elementor\/thumbs\/Sem-Titulo-1-1-r5etoliuva6n5exus5ko4mruetf2dvr9qdf2f290cg.png\" title=\"Sem T\u00edtulo-1\" alt=\"Sem T\u00edtulo-1\" loading=\"lazy\" \/>\t\t\t\t\t\t\t\t\t\t\t\t\t\t\t<\/div>\n\t\t\t\t<\/div>\n\t\t\t\t<div class=\"elementor-element elementor-element-3fd6a39a elementor-widget elementor-widget-text-editor\" data-id=\"3fd6a39a\" data-element_type=\"widget\" data-widget_type=\"text-editor.default\">\n\t\t\t\t<div class=\"elementor-widget-container\">\n\t\t\t\t\t\t\t\t\t<p><strong>GEOBLACK\u00ae<\/strong> \u00e9 uma linha de selantes inorg\u00e2nicos em base aquosa, especialmente formulada para pe\u00e7as j\u00e1 revestidas com GEOMET\u00ae, conferindo a estas uma alt\u00edssima resist\u00eancia \u00e0 corros\u00e3o.<\/p>\n<p><strong>PLUS ML BLACK\u00ae:<\/strong> desenvolvido para aplica\u00e7\u00e3o em pe\u00e7as j\u00e1 revestidas com GEOMET\u00ae, proporciona um acabamento preto uniforme, com coeficiente de atrito controlado<\/p>\n<p><strong>PLUS ML BLACK\u00ae 500M:<\/strong> desenvolvido especialmente para aplica\u00e7\u00e3o sobre o GEOMET\u00ae 500, compondo o processo GEOBLACK\u00ae 500M<\/p>\n<p>Processo aprovado pela VOLVO. GEOBLACK\u00ae<\/p>\n<p><strong>RESIST\u00caNCIA \u00c0 CORROS\u00c3O GEOBLACK\u00ae<\/strong> promove uma resist\u00eancia \u00e0 corros\u00e3o superior aos revestimentos convencionais tais como: fosfato\/\u00f3leo, zincado eletrol\u00edtico, zincado mec\u00e2nico, e fosfato\/pintura, avaliado pelo teste standard de Salt Spray conforme (ASTM B-117 \/ ISO 9227). A performance padr\u00e3o ultrapassa 1.000 horas de resist\u00eancia ao Salt Spray<\/p>\n<p><\/p>\n<p><strong>VANTAGENS DA APLICA\u00c7\u00c3O<\/strong><\/p>\n<ul>\n<li>Superior resist\u00eancia \u00e0 corros\u00e3o, incluindo resist\u00eancia \u00e0 corros\u00e3o bimet\u00e1lica<\/li>\n<li>Aus\u00eancia completa de fragiliza\u00e7\u00e3o por Hidrog\u00eanio<\/li>\n<li>Valores de Coeficiente de Atrito constantes \u2022<\/li>\n<li>Resistente ao ambiente marinho<\/li>\n<li>A\u00e7\u00e3o galv\u00e2nica controlada<\/li>\n<\/ul>\n<p><strong>PRINCIPAIS ESPECIFICA\u00c7\u00d5ES<\/strong><\/p>\n<ul>\n<li>CHRYSLER (PS-5873 BLACK)<\/li>\n<li>FIAT (9.57513) \u2022 GM (GMW 3359)<\/li>\n<li>JAGUAR CARS &amp; LAND ROVER (ST JLR.50.5050)<\/li>\n<li>JOHN DEERE (JDM F13)<\/li>\n<li>INTERNATIONAL TRUCK (TMS 4520)<\/li>\n<li>IVECO (18-1101)<\/li>\n<li>VOLVO CARS (VCS 5737.19)<\/li>\n<li>VOLVO TRUCKS (STD 121-0003)<\/li>\n<li>BOSCH Chassis Systems Brakes (5J 0116 Code G finition 6)<\/li>\n<li>SCHNEIDER ELECTRIC (ABD 00050)<\/li>\n<\/ul>\n<p><strong>NORMAS INTERNACIONAIS EN ISO 10683<\/strong> &#8211; Fasteners- non-electrolytically applied zinc-flake coatings EN 13858 &#8211; non-electrolytically applied zinc-flake coatings on iron or steel parts ASTM F1136 \/ F1136 M &#8211; Zinc\/Aluminum Corrosion Protective Coatings for Fasteners<\/p>\t\t\t\t\t\t\t\t<\/div>\n\t\t\t\t<\/div>\n\t\t\t\t\t<\/div>\n\t\t<\/div>\n\t\t\t\t\t<\/div>\n\t\t<\/section>\n\t\t\t\t<\/div>","protected":false},"excerpt":{"rendered":"<p>GEOBLACK\u00ae \u00e9 uma linha de selantes inorg\u00e2nicos em base aquosa, especialmente formulada para pe\u00e7as j\u00e1 revestidas com GEOMET\u00ae, conferindo a estas uma alt\u00edssima resist\u00eancia \u00e0 corros\u00e3o. PLUS ML BLACK\u00ae: desenvolvido para aplica\u00e7\u00e3o em pe\u00e7as j\u00e1 revestidas com GEOMET\u00ae, proporciona um acabamento preto uniforme, com coeficiente de atrito controlado PLUS ML BLACK\u00ae 500M: desenvolvido especialmente para [&hellip;]<\/p>","protected":false},"author":6,"featured_media":0,"parent":0,"menu_order":0,"comment_status":"closed","ping_status":"closed","template":"","meta":{"footnotes":""},"class_list":["post-1903","page","type-page","status-publish","hentry"],"yoast_head":"<!-- This site is optimized with the Yoast SEO plugin v25.7 - https:\/\/yoast.com\/wordpress\/plugins\/seo\/ -->\n<title>GEOBLACK - MTC Trat<\/title>\n<meta name=\"robots\" content=\"index, follow, max-snippet:-1, max-image-preview:large, max-video-preview:-1\" \/>\n<link rel=\"canonical\" href=\"https:\/\/mtctrat.com.br\/en\/geoblack\/\" \/>\n<meta property=\"og:locale\" content=\"en_US\" \/>\n<meta property=\"og:type\" content=\"article\" \/>\n<meta property=\"og:title\" content=\"GEOBLACK - MTC Trat\" \/>\n<meta property=\"og:description\" content=\"GEOBLACK\u00ae \u00e9 uma linha de selantes inorg\u00e2nicos em base aquosa, especialmente formulada para pe\u00e7as j\u00e1 revestidas com GEOMET\u00ae, conferindo a estas uma alt\u00edssima resist\u00eancia \u00e0 corros\u00e3o. PLUS ML BLACK\u00ae: desenvolvido para aplica\u00e7\u00e3o em pe\u00e7as j\u00e1 revestidas com GEOMET\u00ae, proporciona um acabamento preto uniforme, com coeficiente de atrito controlado PLUS ML BLACK\u00ae 500M: desenvolvido especialmente para [&hellip;]\" \/>\n<meta property=\"og:url\" content=\"https:\/\/mtctrat.com.br\/en\/geoblack\/\" \/>\n<meta property=\"og:site_name\" content=\"MTC Trat\" \/>\n<meta property=\"article:publisher\" content=\"https:\/\/www.facebook.com\/mtctrat\" \/>\n<meta property=\"article:modified_time\" content=\"2022-03-30T16:13:48+00:00\" \/>\n<meta property=\"og:image\" content=\"https:\/\/mtctrat.com.br\/wp-content\/uploads\/elementor\/thumbs\/Sem-Titulo-1-1-pmlg0al0fr2mbstpa2t46fc0asvvyntvr5gfc440lc.png\" \/>\n<meta name=\"twitter:card\" content=\"summary_large_image\" \/>\n<meta name=\"twitter:label1\" content=\"Est. reading time\" \/>\n\t<meta name=\"twitter:data1\" content=\"1 minute\" \/>\n<script type=\"application\/ld+json\" class=\"yoast-schema-graph\">{\"@context\":\"https:\/\/schema.org\",\"@graph\":[{\"@type\":\"WebPage\",\"@id\":\"https:\/\/mtctrat.com.br\/geoblack\/\",\"url\":\"https:\/\/mtctrat.com.br\/geoblack\/\",\"name\":\"GEOBLACK - MTC Trat\",\"isPartOf\":{\"@id\":\"https:\/\/mtctrat.com.br\/#website\"},\"primaryImageOfPage\":{\"@id\":\"https:\/\/mtctrat.com.br\/geoblack\/#primaryimage\"},\"image\":{\"@id\":\"https:\/\/mtctrat.com.br\/geoblack\/#primaryimage\"},\"thumbnailUrl\":\"https:\/\/mtctrat.com.br\/wp-content\/uploads\/elementor\/thumbs\/Sem-Titulo-1-1-pmlg0al0fr2mbstpa2t46fc0asvvyntvr5gfc440lc.png\",\"datePublished\":\"2022-03-30T16:13:07+00:00\",\"dateModified\":\"2022-03-30T16:13:48+00:00\",\"breadcrumb\":{\"@id\":\"https:\/\/mtctrat.com.br\/geoblack\/#breadcrumb\"},\"inLanguage\":\"en-US\",\"potentialAction\":[{\"@type\":\"ReadAction\",\"target\":[\"https:\/\/mtctrat.com.br\/geoblack\/\"]}]},{\"@type\":\"ImageObject\",\"inLanguage\":\"en-US\",\"@id\":\"https:\/\/mtctrat.com.br\/geoblack\/#primaryimage\",\"url\":\"https:\/\/mtctrat.com.br\/wp-content\/uploads\/elementor\/thumbs\/Sem-Titulo-1-1-pmlg0al0fr2mbstpa2t46fc0asvvyntvr5gfc440lc.png\",\"contentUrl\":\"https:\/\/mtctrat.com.br\/wp-content\/uploads\/elementor\/thumbs\/Sem-Titulo-1-1-pmlg0al0fr2mbstpa2t46fc0asvvyntvr5gfc440lc.png\"},{\"@type\":\"BreadcrumbList\",\"@id\":\"https:\/\/mtctrat.com.br\/geoblack\/#breadcrumb\",\"itemListElement\":[{\"@type\":\"ListItem\",\"position\":1,\"name\":\"In\u00edcio\",\"item\":\"https:\/\/mtctrat.com.br\/\"},{\"@type\":\"ListItem\",\"position\":2,\"name\":\"GEOBLACK\"}]},{\"@type\":\"WebSite\",\"@id\":\"https:\/\/mtctrat.com.br\/#website\",\"url\":\"https:\/\/mtctrat.com.br\/\",\"name\":\"MTC Trat\",\"description\":\"Tratamentos T\u00e9rmicos e Superficiais\",\"publisher\":{\"@id\":\"https:\/\/mtctrat.com.br\/#organization\"},\"potentialAction\":[{\"@type\":\"SearchAction\",\"target\":{\"@type\":\"EntryPoint\",\"urlTemplate\":\"https:\/\/mtctrat.com.br\/?s={search_term_string}\"},\"query-input\":{\"@type\":\"PropertyValueSpecification\",\"valueRequired\":true,\"valueName\":\"search_term_string\"}}],\"inLanguage\":\"en-US\"},{\"@type\":\"Organization\",\"@id\":\"https:\/\/mtctrat.com.br\/#organization\",\"name\":\"Mult Tempera\",\"url\":\"https:\/\/mtctrat.com.br\/\",\"logo\":{\"@type\":\"ImageObject\",\"inLanguage\":\"en-US\",\"@id\":\"https:\/\/mtctrat.com.br\/#\/schema\/logo\/image\/\",\"url\":\"https:\/\/mtctrat.com.br\/wp-content\/uploads\/2021\/01\/Logos_MTCTrat.png\",\"contentUrl\":\"https:\/\/mtctrat.com.br\/wp-content\/uploads\/2021\/01\/Logos_MTCTrat.png\",\"width\":1500,\"height\":600,\"caption\":\"Mult Tempera\"},\"image\":{\"@id\":\"https:\/\/mtctrat.com.br\/#\/schema\/logo\/image\/\"},\"sameAs\":[\"https:\/\/www.facebook.com\/mtctrat\"]}]}<\/script>\n<!-- \/ Yoast SEO plugin. -->","yoast_head_json":{"title":"GEOBLACK - MTC Trat","robots":{"index":"index","follow":"follow","max-snippet":"max-snippet:-1","max-image-preview":"max-image-preview:large","max-video-preview":"max-video-preview:-1"},"canonical":"https:\/\/mtctrat.com.br\/en\/geoblack\/","og_locale":"en_US","og_type":"article","og_title":"GEOBLACK - MTC Trat","og_description":"GEOBLACK\u00ae \u00e9 uma linha de selantes inorg\u00e2nicos em base aquosa, especialmente formulada para pe\u00e7as j\u00e1 revestidas com GEOMET\u00ae, conferindo a estas uma alt\u00edssima resist\u00eancia \u00e0 corros\u00e3o. PLUS ML BLACK\u00ae: desenvolvido para aplica\u00e7\u00e3o em pe\u00e7as j\u00e1 revestidas com GEOMET\u00ae, proporciona um acabamento preto uniforme, com coeficiente de atrito controlado PLUS ML BLACK\u00ae 500M: desenvolvido especialmente para [&hellip;]","og_url":"https:\/\/mtctrat.com.br\/en\/geoblack\/","og_site_name":"MTC Trat","article_publisher":"https:\/\/www.facebook.com\/mtctrat","article_modified_time":"2022-03-30T16:13:48+00:00","og_image":[{"url":"https:\/\/mtctrat.com.br\/wp-content\/uploads\/elementor\/thumbs\/Sem-Titulo-1-1-pmlg0al0fr2mbstpa2t46fc0asvvyntvr5gfc440lc.png","type":"","width":"","height":""}],"twitter_card":"summary_large_image","twitter_misc":{"Est. reading time":"1 minute"},"schema":{"@context":"https:\/\/schema.org","@graph":[{"@type":"WebPage","@id":"https:\/\/mtctrat.com.br\/geoblack\/","url":"https:\/\/mtctrat.com.br\/geoblack\/","name":"GEOBLACK - MTC Trat","isPartOf":{"@id":"https:\/\/mtctrat.com.br\/#website"},"primaryImageOfPage":{"@id":"https:\/\/mtctrat.com.br\/geoblack\/#primaryimage"},"image":{"@id":"https:\/\/mtctrat.com.br\/geoblack\/#primaryimage"},"thumbnailUrl":"https:\/\/mtctrat.com.br\/wp-content\/uploads\/elementor\/thumbs\/Sem-Titulo-1-1-pmlg0al0fr2mbstpa2t46fc0asvvyntvr5gfc440lc.png","datePublished":"2022-03-30T16:13:07+00:00","dateModified":"2022-03-30T16:13:48+00:00","breadcrumb":{"@id":"https:\/\/mtctrat.com.br\/geoblack\/#breadcrumb"},"inLanguage":"en-US","potentialAction":[{"@type":"ReadAction","target":["https:\/\/mtctrat.com.br\/geoblack\/"]}]},{"@type":"ImageObject","inLanguage":"en-US","@id":"https:\/\/mtctrat.com.br\/geoblack\/#primaryimage","url":"https:\/\/mtctrat.com.br\/wp-content\/uploads\/elementor\/thumbs\/Sem-Titulo-1-1-pmlg0al0fr2mbstpa2t46fc0asvvyntvr5gfc440lc.png","contentUrl":"https:\/\/mtctrat.com.br\/wp-content\/uploads\/elementor\/thumbs\/Sem-Titulo-1-1-pmlg0al0fr2mbstpa2t46fc0asvvyntvr5gfc440lc.png"},{"@type":"BreadcrumbList","@id":"https:\/\/mtctrat.com.br\/geoblack\/#breadcrumb","itemListElement":[{"@type":"ListItem","position":1,"name":"In\u00edcio","item":"https:\/\/mtctrat.com.br\/"},{"@type":"ListItem","position":2,"name":"GEOBLACK"}]},{"@type":"WebSite","@id":"https:\/\/mtctrat.com.br\/#website","url":"https:\/\/mtctrat.com.br\/","name":"MTC Trat","description":"Tratamentos T\u00e9rmicos e Superficiais","publisher":{"@id":"https:\/\/mtctrat.com.br\/#organization"},"potentialAction":[{"@type":"SearchAction","target":{"@type":"EntryPoint","urlTemplate":"https:\/\/mtctrat.com.br\/?s={search_term_string}"},"query-input":{"@type":"PropertyValueSpecification","valueRequired":true,"valueName":"search_term_string"}}],"inLanguage":"en-US"},{"@type":"Organization","@id":"https:\/\/mtctrat.com.br\/#organization","name":"Mult Tempera","url":"https:\/\/mtctrat.com.br\/","logo":{"@type":"ImageObject","inLanguage":"en-US","@id":"https:\/\/mtctrat.com.br\/#\/schema\/logo\/image\/","url":"https:\/\/mtctrat.com.br\/wp-content\/uploads\/2021\/01\/Logos_MTCTrat.png","contentUrl":"https:\/\/mtctrat.com.br\/wp-content\/uploads\/2021\/01\/Logos_MTCTrat.png","width":1500,"height":600,"caption":"Mult Tempera"},"image":{"@id":"https:\/\/mtctrat.com.br\/#\/schema\/logo\/image\/"},"sameAs":["https:\/\/www.facebook.com\/mtctrat"]}]}},"_links":{"self":[{"href":"https:\/\/mtctrat.com.br\/en\/wp-json\/wp\/v2\/pages\/1903","targetHints":{"allow":["GET"]}}],"collection":[{"href":"https:\/\/mtctrat.com.br\/en\/wp-json\/wp\/v2\/pages"}],"about":[{"href":"https:\/\/mtctrat.com.br\/en\/wp-json\/wp\/v2\/types\/page"}],"author":[{"embeddable":true,"href":"https:\/\/mtctrat.com.br\/en\/wp-json\/wp\/v2\/users\/6"}],"replies":[{"embeddable":true,"href":"https:\/\/mtctrat.com.br\/en\/wp-json\/wp\/v2\/comments?post=1903"}],"version-history":[{"count":8,"href":"https:\/\/mtctrat.com.br\/en\/wp-json\/wp\/v2\/pages\/1903\/revisions"}],"predecessor-version":[{"id":1983,"href":"https:\/\/mtctrat.com.br\/en\/wp-json\/wp\/v2\/pages\/1903\/revisions\/1983"}],"wp:attachment":[{"href":"https:\/\/mtctrat.com.br\/en\/wp-json\/wp\/v2\/media?parent=1903"}],"curies":[{"name":"wp","href":"https:\/\/api.w.org\/{rel}","templated":true}]}}