{"id":1928,"date":"2022-03-30T10:41:39","date_gmt":"2022-03-30T13:41:39","guid":{"rendered":"https:\/\/mtctrat.com.br\/?page_id=1928"},"modified":"2022-03-30T16:48:55","modified_gmt":"2022-03-30T19:48:55","slug":"serie-colorkote","status":"publish","type":"page","link":"https:\/\/mtctrat.com.br\/en\/serie-colorkote\/","title":{"rendered":"S\u00c9RIE COLORKOTE"},"content":{"rendered":"<div data-elementor-type=\"wp-page\" data-elementor-id=\"1928\" class=\"elementor elementor-1928\" data-elementor-post-type=\"page\">\n\t\t\t\t\t\t<section class=\"elementor-section elementor-top-section elementor-element elementor-element-4f93e70 elementor-section-boxed elementor-section-height-default elementor-section-height-default\" data-id=\"4f93e70\" data-element_type=\"section\">\n\t\t\t\t\t\t<div class=\"elementor-container elementor-column-gap-default\">\n\t\t\t\t\t<div class=\"elementor-column elementor-col-100 elementor-top-column elementor-element elementor-element-20bf8588\" data-id=\"20bf8588\" data-element_type=\"column\">\n\t\t\t<div class=\"elementor-widget-wrap elementor-element-populated\">\n\t\t\t\t\t\t<div class=\"elementor-element elementor-element-e2c86a0 elementor-widget elementor-widget-image\" data-id=\"e2c86a0\" data-element_type=\"widget\" data-widget_type=\"image.default\">\n\t\t\t\t<div class=\"elementor-widget-container\">\n\t\t\t\t\t\t\t\t\t\t\t\t\t\t\t<img decoding=\"async\" src=\"https:\/\/mtctrat.com.br\/wp-content\/uploads\/elementor\/thumbs\/1-pmn55pjgman7el59k5gybempase0b4aor59vsldssg.png\" title=\"1\" alt=\"1\" loading=\"lazy\" \/>\t\t\t\t\t\t\t\t\t\t\t\t\t\t\t<\/div>\n\t\t\t\t<\/div>\n\t\t\t\t<div class=\"elementor-element elementor-element-d216bb5 elementor-widget elementor-widget-text-editor\" data-id=\"d216bb5\" data-element_type=\"widget\" data-widget_type=\"text-editor.default\">\n\t\t\t\t<div class=\"elementor-widget-container\">\n\t\t\t\t\t\t\t\t\t<p><strong>S\u00c9RIE COLORKOTE\u00ae<\/strong><\/p>\n<p>A S\u00c9RIE COLORKOTE\u00ae \u00e9 uma linha de selantes inorg\u00e2nicos em base aquosa, especialmente formulada para pe\u00e7as j\u00e1 revestidas com\u00a0 GEOMET\u00ae, promovendo ao revestimento um acabamento decorativo.<\/p>\n<p>Os produtos da S\u00e9rie COLORKOTE\u00ae est\u00e1 dispon\u00edvel nas seguintes colora\u00e7\u00f5es:<\/p>\n<ul>\n<li>COLORKOTE\u00ae BLUE: Confere ao revestimento uma colora\u00e7\u00e3o azul uniforme.<\/li>\n<li>COLORKOTE\u00ae GREEN: Confere ao revestimento uma colora\u00e7\u00e3o verde uniforme.<\/li>\n<li>COLORKOTE\u00ae GOLD: Confere ao revestimento uma colora\u00e7\u00e3o amarela, levemente dourada.<\/li>\n<li>COLORKOTE\u00ae RED: Confere ao revestimento uma colora\u00e7\u00e3o vermelha uniforme.<\/li>\n<li>COLORKOTE\u00ae BLACK: Confere ao revestimento uma colora\u00e7\u00e3o preta uniforme.<\/li>\n<li>COLORKOTE\u00ae VERDE OLIVA: Confere ao revestimento uma colora\u00e7\u00e3o verde oliva uniforme.<\/li>\n<li>COLORKOTE\u00ae CLEAR: \u00c9 a vers\u00e3o incolor, a qual promove uma alt\u00edssima resist\u00eancia \u00e0 corros\u00e3o do substrato, conferindo tamb\u00e9m lubricidade.<\/li>\n<\/ul>\n<p>\u00a0<\/p>\n<p><strong>EFICI\u00caNCIA E RESPEITO AO MEIO AMBIENTE<\/strong><\/p>\n<ul>\n<li>Est\u00e1 em conformidade com a regulamenta\u00e7\u00e3o REACh<\/li>\n<li>Est\u00e1 em conformidade com as diretrizes 2000\/53\/CE y 2002\/95\/CE<\/li>\n<\/ul>\n<p>\u00a0<\/p>\n<p><strong>RESIST\u00caNCIA \u00c0 CORROS\u00c3O<\/strong><\/p>\n<p>Os produtos da S\u00e9rie COLORKOTE\u00ae, aplicada sobre o GEOMET\u00ae, promovem uma resist\u00eancia \u00e0 corros\u00e3o superior aos revestimentos convencionais tais como: fosfato\/\u00f3leo, zincado eletrol\u00edtico, zincado mec\u00e2nico, e fosfato\/pintura, avaliada pelo teste standard de Salt Spray (ASTM B-117 \/ ISO 9227). A performance padr\u00e3o ultrapassa 1000 horas de resist\u00eancia ao Salt Spray. A resist\u00eancia ao ensaio de Kesternich ir\u00e1 depender do volume de SO2 a ser utilizado no ensaio.<\/p>\n<p><strong>\u00a0VANTAGENS DA APLICA\u00c7\u00c3O<\/strong><\/p>\n<ul>\n<li>Base aquosa \u2022 Superior resist\u00eancia a corros\u00e3o<\/li>\n<li>Aus\u00eancia completa de fragiliza\u00e7\u00e3o por Hidrog\u00eanio<\/li>\n<li>Valores de Coeficiente de Atrito constantes<\/li>\n<li>Resistente ao ambiente marinho<\/li>\n<li>Colora\u00e7\u00e3o uniforme<\/li>\n<li>Alta ader\u00eancia<\/li>\n<\/ul>\n<p>\u00a0<\/p>\n<p><strong>SA\u00daDE E SEGURAN\u00c7A<\/strong><\/p>\n<ul>\n<li>Dispers\u00e3o aquosa<\/li>\n<li>Est\u00e1 em conformidade com a regulamenta\u00e7\u00e3o REACH<\/li>\n<li>Est\u00e1 em conformidade com as diretrizes 2000\/53\/CE and 2002\/95\/CE<\/li>\n<\/ul>\n<p>\u00a0<\/p>\n<p><strong>PRINCIPAIS ESPECIFICA\u00c7\u00d5ES<\/strong><\/p>\n<ul>\n<li>CHRYSLER \u2022 FORD<\/li>\n<li>GENERAL MOTORS<\/li>\n<li>RENAULT<\/li>\n<li>AMERICAN AXLE<\/li>\n<li>ARVIN MERITOR<\/li>\n<li>DANA CORPORATION<\/li>\n<li>DELPHI<\/li>\n<li>MGI COUTIER<\/li>\n<li>SHIVANI<\/li>\n<li>GENERAL ELECTRIC<\/li>\n<li>GENERIC OFFSHORE COATINGS<\/li>\n<\/ul>\t\t\t\t\t\t\t\t<\/div>\n\t\t\t\t<\/div>\n\t\t\t\t\t<\/div>\n\t\t<\/div>\n\t\t\t\t\t<\/div>\n\t\t<\/section>\n\t\t\t\t<\/div>","protected":false},"excerpt":{"rendered":"<p>S\u00c9RIE COLORKOTE\u00ae A S\u00c9RIE COLORKOTE\u00ae \u00e9 uma linha de selantes inorg\u00e2nicos em base aquosa, especialmente formulada para pe\u00e7as j\u00e1 revestidas com\u00a0 GEOMET\u00ae, promovendo ao revestimento um acabamento decorativo. Os produtos da S\u00e9rie COLORKOTE\u00ae est\u00e1 dispon\u00edvel nas seguintes colora\u00e7\u00f5es: COLORKOTE\u00ae BLUE: Confere ao revestimento uma colora\u00e7\u00e3o azul uniforme. COLORKOTE\u00ae GREEN: Confere ao revestimento uma colora\u00e7\u00e3o verde [&hellip;]<\/p>","protected":false},"author":6,"featured_media":0,"parent":0,"menu_order":0,"comment_status":"closed","ping_status":"closed","template":"","meta":{"footnotes":""},"class_list":["post-1928","page","type-page","status-publish","hentry"],"yoast_head":"<!-- This site is optimized with the Yoast SEO plugin v25.7 - https:\/\/yoast.com\/wordpress\/plugins\/seo\/ -->\n<title>S\u00c9RIE COLORKOTE - MTC Trat<\/title>\n<meta name=\"robots\" content=\"index, follow, max-snippet:-1, max-image-preview:large, max-video-preview:-1\" \/>\n<link rel=\"canonical\" href=\"https:\/\/mtctrat.com.br\/en\/serie-colorkote\/\" \/>\n<meta property=\"og:locale\" content=\"en_US\" \/>\n<meta property=\"og:type\" content=\"article\" \/>\n<meta property=\"og:title\" content=\"S\u00c9RIE COLORKOTE - MTC Trat\" \/>\n<meta property=\"og:description\" content=\"S\u00c9RIE COLORKOTE\u00ae A S\u00c9RIE COLORKOTE\u00ae \u00e9 uma linha de selantes inorg\u00e2nicos em base aquosa, especialmente formulada para pe\u00e7as j\u00e1 revestidas com\u00a0 GEOMET\u00ae, promovendo ao revestimento um acabamento decorativo. Os produtos da S\u00e9rie COLORKOTE\u00ae est\u00e1 dispon\u00edvel nas seguintes colora\u00e7\u00f5es: COLORKOTE\u00ae BLUE: Confere ao revestimento uma colora\u00e7\u00e3o azul uniforme. COLORKOTE\u00ae GREEN: Confere ao revestimento uma colora\u00e7\u00e3o verde [&hellip;]\" \/>\n<meta property=\"og:url\" content=\"https:\/\/mtctrat.com.br\/en\/serie-colorkote\/\" \/>\n<meta property=\"og:site_name\" content=\"MTC Trat\" \/>\n<meta property=\"article:publisher\" content=\"https:\/\/www.facebook.com\/mtctrat\" \/>\n<meta property=\"article:modified_time\" content=\"2022-03-30T19:48:55+00:00\" \/>\n<meta property=\"og:image\" content=\"https:\/\/mtctrat.com.br\/wp-content\/uploads\/elementor\/thumbs\/1-pmn55pjgman7el59k5gybempase0b4aor59uuq1tz4.png\" \/>\n<meta name=\"twitter:card\" content=\"summary_large_image\" \/>\n<meta name=\"twitter:label1\" content=\"Est. reading time\" \/>\n\t<meta name=\"twitter:data1\" content=\"2 minutes\" \/>\n<script type=\"application\/ld+json\" class=\"yoast-schema-graph\">{\"@context\":\"https:\/\/schema.org\",\"@graph\":[{\"@type\":\"WebPage\",\"@id\":\"https:\/\/mtctrat.com.br\/serie-colorkote\/\",\"url\":\"https:\/\/mtctrat.com.br\/serie-colorkote\/\",\"name\":\"S\u00c9RIE COLORKOTE - MTC Trat\",\"isPartOf\":{\"@id\":\"https:\/\/mtctrat.com.br\/#website\"},\"primaryImageOfPage\":{\"@id\":\"https:\/\/mtctrat.com.br\/serie-colorkote\/#primaryimage\"},\"image\":{\"@id\":\"https:\/\/mtctrat.com.br\/serie-colorkote\/#primaryimage\"},\"thumbnailUrl\":\"https:\/\/mtctrat.com.br\/wp-content\/uploads\/elementor\/thumbs\/1-pmn55pjgman7el59k5gybempase0b4aor59uuq1tz4.png\",\"datePublished\":\"2022-03-30T13:41:39+00:00\",\"dateModified\":\"2022-03-30T19:48:55+00:00\",\"breadcrumb\":{\"@id\":\"https:\/\/mtctrat.com.br\/serie-colorkote\/#breadcrumb\"},\"inLanguage\":\"en-US\",\"potentialAction\":[{\"@type\":\"ReadAction\",\"target\":[\"https:\/\/mtctrat.com.br\/serie-colorkote\/\"]}]},{\"@type\":\"ImageObject\",\"inLanguage\":\"en-US\",\"@id\":\"https:\/\/mtctrat.com.br\/serie-colorkote\/#primaryimage\",\"url\":\"https:\/\/mtctrat.com.br\/wp-content\/uploads\/elementor\/thumbs\/1-pmn55pjgman7el59k5gybempase0b4aor59uuq1tz4.png\",\"contentUrl\":\"https:\/\/mtctrat.com.br\/wp-content\/uploads\/elementor\/thumbs\/1-pmn55pjgman7el59k5gybempase0b4aor59uuq1tz4.png\"},{\"@type\":\"BreadcrumbList\",\"@id\":\"https:\/\/mtctrat.com.br\/serie-colorkote\/#breadcrumb\",\"itemListElement\":[{\"@type\":\"ListItem\",\"position\":1,\"name\":\"In\u00edcio\",\"item\":\"https:\/\/mtctrat.com.br\/\"},{\"@type\":\"ListItem\",\"position\":2,\"name\":\"S\u00c9RIE COLORKOTE\"}]},{\"@type\":\"WebSite\",\"@id\":\"https:\/\/mtctrat.com.br\/#website\",\"url\":\"https:\/\/mtctrat.com.br\/\",\"name\":\"MTC Trat\",\"description\":\"Tratamentos T\u00e9rmicos e Superficiais\",\"publisher\":{\"@id\":\"https:\/\/mtctrat.com.br\/#organization\"},\"potentialAction\":[{\"@type\":\"SearchAction\",\"target\":{\"@type\":\"EntryPoint\",\"urlTemplate\":\"https:\/\/mtctrat.com.br\/?s={search_term_string}\"},\"query-input\":{\"@type\":\"PropertyValueSpecification\",\"valueRequired\":true,\"valueName\":\"search_term_string\"}}],\"inLanguage\":\"en-US\"},{\"@type\":\"Organization\",\"@id\":\"https:\/\/mtctrat.com.br\/#organization\",\"name\":\"Mult Tempera\",\"url\":\"https:\/\/mtctrat.com.br\/\",\"logo\":{\"@type\":\"ImageObject\",\"inLanguage\":\"en-US\",\"@id\":\"https:\/\/mtctrat.com.br\/#\/schema\/logo\/image\/\",\"url\":\"https:\/\/mtctrat.com.br\/wp-content\/uploads\/2021\/01\/Logos_MTCTrat.png\",\"contentUrl\":\"https:\/\/mtctrat.com.br\/wp-content\/uploads\/2021\/01\/Logos_MTCTrat.png\",\"width\":1500,\"height\":600,\"caption\":\"Mult Tempera\"},\"image\":{\"@id\":\"https:\/\/mtctrat.com.br\/#\/schema\/logo\/image\/\"},\"sameAs\":[\"https:\/\/www.facebook.com\/mtctrat\"]}]}<\/script>\n<!-- \/ Yoast SEO plugin. -->","yoast_head_json":{"title":"S\u00c9RIE COLORKOTE - MTC Trat","robots":{"index":"index","follow":"follow","max-snippet":"max-snippet:-1","max-image-preview":"max-image-preview:large","max-video-preview":"max-video-preview:-1"},"canonical":"https:\/\/mtctrat.com.br\/en\/serie-colorkote\/","og_locale":"en_US","og_type":"article","og_title":"S\u00c9RIE COLORKOTE - MTC Trat","og_description":"S\u00c9RIE COLORKOTE\u00ae A S\u00c9RIE COLORKOTE\u00ae \u00e9 uma linha de selantes inorg\u00e2nicos em base aquosa, especialmente formulada para pe\u00e7as j\u00e1 revestidas com\u00a0 GEOMET\u00ae, promovendo ao revestimento um acabamento decorativo. Os produtos da S\u00e9rie COLORKOTE\u00ae est\u00e1 dispon\u00edvel nas seguintes colora\u00e7\u00f5es: COLORKOTE\u00ae BLUE: Confere ao revestimento uma colora\u00e7\u00e3o azul uniforme. COLORKOTE\u00ae GREEN: Confere ao revestimento uma colora\u00e7\u00e3o verde [&hellip;]","og_url":"https:\/\/mtctrat.com.br\/en\/serie-colorkote\/","og_site_name":"MTC Trat","article_publisher":"https:\/\/www.facebook.com\/mtctrat","article_modified_time":"2022-03-30T19:48:55+00:00","og_image":[{"url":"https:\/\/mtctrat.com.br\/wp-content\/uploads\/elementor\/thumbs\/1-pmn55pjgman7el59k5gybempase0b4aor59uuq1tz4.png","type":"","width":"","height":""}],"twitter_card":"summary_large_image","twitter_misc":{"Est. reading time":"2 minutes"},"schema":{"@context":"https:\/\/schema.org","@graph":[{"@type":"WebPage","@id":"https:\/\/mtctrat.com.br\/serie-colorkote\/","url":"https:\/\/mtctrat.com.br\/serie-colorkote\/","name":"S\u00c9RIE COLORKOTE - MTC Trat","isPartOf":{"@id":"https:\/\/mtctrat.com.br\/#website"},"primaryImageOfPage":{"@id":"https:\/\/mtctrat.com.br\/serie-colorkote\/#primaryimage"},"image":{"@id":"https:\/\/mtctrat.com.br\/serie-colorkote\/#primaryimage"},"thumbnailUrl":"https:\/\/mtctrat.com.br\/wp-content\/uploads\/elementor\/thumbs\/1-pmn55pjgman7el59k5gybempase0b4aor59uuq1tz4.png","datePublished":"2022-03-30T13:41:39+00:00","dateModified":"2022-03-30T19:48:55+00:00","breadcrumb":{"@id":"https:\/\/mtctrat.com.br\/serie-colorkote\/#breadcrumb"},"inLanguage":"en-US","potentialAction":[{"@type":"ReadAction","target":["https:\/\/mtctrat.com.br\/serie-colorkote\/"]}]},{"@type":"ImageObject","inLanguage":"en-US","@id":"https:\/\/mtctrat.com.br\/serie-colorkote\/#primaryimage","url":"https:\/\/mtctrat.com.br\/wp-content\/uploads\/elementor\/thumbs\/1-pmn55pjgman7el59k5gybempase0b4aor59uuq1tz4.png","contentUrl":"https:\/\/mtctrat.com.br\/wp-content\/uploads\/elementor\/thumbs\/1-pmn55pjgman7el59k5gybempase0b4aor59uuq1tz4.png"},{"@type":"BreadcrumbList","@id":"https:\/\/mtctrat.com.br\/serie-colorkote\/#breadcrumb","itemListElement":[{"@type":"ListItem","position":1,"name":"In\u00edcio","item":"https:\/\/mtctrat.com.br\/"},{"@type":"ListItem","position":2,"name":"S\u00c9RIE COLORKOTE"}]},{"@type":"WebSite","@id":"https:\/\/mtctrat.com.br\/#website","url":"https:\/\/mtctrat.com.br\/","name":"MTC Trat","description":"Tratamentos T\u00e9rmicos e Superficiais","publisher":{"@id":"https:\/\/mtctrat.com.br\/#organization"},"potentialAction":[{"@type":"SearchAction","target":{"@type":"EntryPoint","urlTemplate":"https:\/\/mtctrat.com.br\/?s={search_term_string}"},"query-input":{"@type":"PropertyValueSpecification","valueRequired":true,"valueName":"search_term_string"}}],"inLanguage":"en-US"},{"@type":"Organization","@id":"https:\/\/mtctrat.com.br\/#organization","name":"Mult Tempera","url":"https:\/\/mtctrat.com.br\/","logo":{"@type":"ImageObject","inLanguage":"en-US","@id":"https:\/\/mtctrat.com.br\/#\/schema\/logo\/image\/","url":"https:\/\/mtctrat.com.br\/wp-content\/uploads\/2021\/01\/Logos_MTCTrat.png","contentUrl":"https:\/\/mtctrat.com.br\/wp-content\/uploads\/2021\/01\/Logos_MTCTrat.png","width":1500,"height":600,"caption":"Mult Tempera"},"image":{"@id":"https:\/\/mtctrat.com.br\/#\/schema\/logo\/image\/"},"sameAs":["https:\/\/www.facebook.com\/mtctrat"]}]}},"_links":{"self":[{"href":"https:\/\/mtctrat.com.br\/en\/wp-json\/wp\/v2\/pages\/1928","targetHints":{"allow":["GET"]}}],"collection":[{"href":"https:\/\/mtctrat.com.br\/en\/wp-json\/wp\/v2\/pages"}],"about":[{"href":"https:\/\/mtctrat.com.br\/en\/wp-json\/wp\/v2\/types\/page"}],"author":[{"embeddable":true,"href":"https:\/\/mtctrat.com.br\/en\/wp-json\/wp\/v2\/users\/6"}],"replies":[{"embeddable":true,"href":"https:\/\/mtctrat.com.br\/en\/wp-json\/wp\/v2\/comments?post=1928"}],"version-history":[{"count":20,"href":"https:\/\/mtctrat.com.br\/en\/wp-json\/wp\/v2\/pages\/1928\/revisions"}],"predecessor-version":[{"id":2037,"href":"https:\/\/mtctrat.com.br\/en\/wp-json\/wp\/v2\/pages\/1928\/revisions\/2037"}],"wp:attachment":[{"href":"https:\/\/mtctrat.com.br\/en\/wp-json\/wp\/v2\/media?parent=1928"}],"curies":[{"name":"wp","href":"https:\/\/api.w.org\/{rel}","templated":true}]}}